{"id":13,"date":"2019-01-15T12:31:11","date_gmt":"2019-01-15T12:31:11","guid":{"rendered":"http:\/\/cocukyazarlarkutuphanesi.com\/?page_id=13"},"modified":"2019-03-12T12:37:42","modified_gmt":"2019-03-12T12:37:42","slug":"hakkimizda","status":"publish","type":"page","link":"https:\/\/cocukyazarlarkutuphanesi.com\/wps\/hakkimizda\/","title":{"rendered":"Projenin Ad\u0131 ve Amac\u0131"},"content":{"rendered":"\n<h2 class=\"wp-block-heading\" style=\"text-align:center\" id=\"mce_30\">ASRIN KAT\u0130PLER\u0130 YAZIYOR<br>WEB S\u0130TES\u0130 PROJES\u0130<br><\/h2>\n\n\n\n<p><b>PROJEN\u0130N ADI<\/b><\/p>\n<p><span style=\"font-weight: 400;\">Asr\u0131n Katipleri Yaz\u0131yor!<\/span><\/p>\n<p><b>PROJEN\u0130N UYGULANDI\u011eI YERLER<\/b><\/p>\n<p><span style=\"font-weight: 400;\">Ortaokul<\/span><\/p>\n<p><b>PROJEN\u0130N AMACI<\/b><\/p>\n<p><span style=\"font-weight: 400;\">Asr\u0131n Katipleri Yaz\u0131yor! Projesinin temel amac\u0131 ortaokul d\u00fczeyinde \u00f6\u011frenim g\u00f6ren \u00f6\u011frencilere; edebi metin okuma al\u0131\u015fkanl\u0131\u011f\u0131 ile yazma becerisi kazand\u0131rmak ve gelece\u011fin yetenekli edebi metin yazarlar\u0131n\u0131 ortaya \u00e7\u0131karmakt\u0131r. Bunun yan\u0131 s\u0131ra ortaokul \u00f6\u011frencilerini edebi metin okuma ve yazmaya te\u015fvik etmek de projenin temel ama\u00e7lar\u0131 i\u00e7erisinde yer almaktad\u0131r. Ayr\u0131ca projenin i\u00e7eri\u011finde yer alan alt ama\u00e7lar da \u015fu \u015fekilde s\u0131ralanabilir:<\/span><\/p>\n<ul>\n<li style=\"font-weight: 400;\"><span style=\"font-weight: 400;\">Ortaokul \u00f6\u011frencilerinin \u00f6zg\u00fcvenlerini geli\u015ftirmek.<\/span><\/li>\n<li style=\"font-weight: 400;\"><span style=\"font-weight: 400;\">Ortaokul \u00f6\u011frencilerinin yarat\u0131c\u0131 d\u00fc\u015f\u00fcnme ve ele\u015ftirel d\u00fc\u015f\u00fcnme becerilerini geli\u015ftirmek.<\/span><\/li>\n<li style=\"font-weight: 400;\"><span style=\"font-weight: 400;\">Ortaokul \u00f6\u011frencilerinin anlama, ifade etme ve hayal d\u00fcnyalar\u0131n\u0131 ifadelere d\u00f6kme becerilerini geli\u015ftirmek.<\/span><\/li>\n<li style=\"font-weight: 400;\"><span style=\"font-weight: 400;\">Ortaokul \u00f6\u011frencilerinin ki\u015fisel geli\u015fimine katk\u0131 sa\u011flamak.<\/span><\/li>\n<li style=\"font-weight: 400;\"><span style=\"font-weight: 400;\">Ortaokul \u00f6\u011frencilerinin T\u00fcrk\u00e7e \u00f6\u011fretim program\u0131nda yer alan kazan\u0131mlar\u0131 uygulamal\u0131 olarak kazan\u0131p kazanmad\u0131klar\u0131n\u0131 tespit etmek.<\/span><\/li>\n<\/ul>\n<div style='text-align:left' class='yasr-auto-insert-visitor'><\/div>","protected":false},"excerpt":{"rendered":"<p>ASRIN KAT\u0130PLER\u0130 YAZIYORWEB S\u0130TES\u0130 PROJES\u0130<\/p>\n","protected":false},"author":5,"featured_media":0,"parent":0,"menu_order":0,"comment_status":"closed","ping_status":"closed","template":"","meta":{"om_disable_all_campaigns":false,"_monsterinsights_skip_tracking":false,"_monsterinsights_sitenote_active":false,"_monsterinsights_sitenote_note":"","_monsterinsights_sitenote_category":0,"yasr_overall_rating":0,"yasr_post_is_review":"","yasr_auto_insert_disabled":"","yasr_review_type":"","footnotes":""},"class_list":["post-13","page","type-page","status-publish","hentry"],"yasr_visitor_votes":{"stars_attributes":{"read_only":true,"span_bottom":"<div class='yasr-small-block-bold'><span class='yasr-visitor-votes-must-sign-in'>You must sign in to vote<\/span><\/div>"},"number_of_votes":0,"sum_votes":0},"_links":{"self":[{"href":"https:\/\/cocukyazarlarkutuphanesi.com\/wps\/wp-json\/wp\/v2\/pages\/13","targetHints":{"allow":["GET"]}}],"collection":[{"href":"https:\/\/cocukyazarlarkutuphanesi.com\/wps\/wp-json\/wp\/v2\/pages"}],"about":[{"href":"https:\/\/cocukyazarlarkutuphanesi.com\/wps\/wp-json\/wp\/v2\/types\/page"}],"author":[{"embeddable":true,"href":"https:\/\/cocukyazarlarkutuphanesi.com\/wps\/wp-json\/wp\/v2\/users\/5"}],"replies":[{"embeddable":true,"href":"https:\/\/cocukyazarlarkutuphanesi.com\/wps\/wp-json\/wp\/v2\/comments?post=13"}],"version-history":[{"count":0,"href":"https:\/\/cocukyazarlarkutuphanesi.com\/wps\/wp-json\/wp\/v2\/pages\/13\/revisions"}],"wp:attachment":[{"href":"https:\/\/cocukyazarlarkutuphanesi.com\/wps\/wp-json\/wp\/v2\/media?parent=13"}],"curies":[{"name":"wp","href":"https:\/\/api.w.org\/{rel}","templated":true}]}}