{"id":1972,"date":"2019-01-27T12:28:40","date_gmt":"2019-01-27T12:28:40","guid":{"rendered":"https:\/\/cocukyazarlarkutuphanesi.com\/?page_id=1972"},"modified":"2019-01-28T07:51:42","modified_gmt":"2019-01-28T07:51:42","slug":"gezi-deneme-yazilari","status":"publish","type":"page","link":"https:\/\/cocukyazarlarkutuphanesi.com\/wps\/gezi-deneme-yazilari\/","title":{"rendered":"Gezi Deneme Yaz\u0131lar\u0131"},"content":{"rendered":"\n<div class=\"pt-cv-wrapper\"><div class=\"pt-cv-view pt-cv-grid pt-cv-colsys\" id=\"pt-cv-view-3c2c949t2l\"><div data-id=\"pt-cv-page-1\" class=\"pt-cv-page\" data-cvc=\"2\"><div class=\"col-md-6 col-sm-6 col-xs-12 pt-cv-content-item pt-cv-1-col\" ><div class='pt-cv-ifield'><a href=\"https:\/\/cocukyazarlarkutuphanesi.com\/wps\/insan-ne-zaman-kaybolur\/\" class=\"_self pt-cv-href-thumbnail pt-cv-thumb-default\" target=\"_self\" ><\/a>\n<h4 class=\"pt-cv-title\"><a href=\"https:\/\/cocukyazarlarkutuphanesi.com\/wps\/insan-ne-zaman-kaybolur\/\" class=\"_self\" target=\"_self\" >\u0130nsan Ne Zaman Kaybolur?<\/a><\/h4>\n<div class=\"pt-cv-content\">Bu sorunun yan\u0131t\u0131 asla tek c\u00fcmlede bitmez; \u00e7\u00fcnk\u00fc insan, \u00e7o\u011fu zaman kendi i\u00e7inde kayboldu\u011funu fark etti\u011finde bile \u00e7ok ge\u00e7 kalm\u0131\u015ft\u0131r ...<br \/><div class=\"pt-cv-rmwrap\"><a href=\"https:\/\/cocukyazarlarkutuphanesi.com\/wps\/insan-ne-zaman-kaybolur\/\" class=\"_self pt-cv-readmore btn btn-success\" target=\"_self\">Daha Fazlas\u0131n\u0131 Oku<\/a><\/div><\/div>\n<div class=\"pt-cv-meta-fields\"><span class=\"entry-date\"> <time datetime=\"2025-07-08T07:57:30+00:00\">8 Temmuz 2025<\/time><\/span><span> \/ <\/span><span class=\"author\"> <a href=\"https:\/\/cocukyazarlarkutuphanesi.com\/wps\/author\/sahra\/\" rel=\"author\">Sahra<\/a><\/span><span> \/ <\/span><span class=\"comments-link\"> <a href=\"https:\/\/cocukyazarlarkutuphanesi.com\/wps\/insan-ne-zaman-kaybolur\/#respond\">Yorum yok<span class=\"screen-reader-text\"> \u0130nsan Ne Zaman Kaybolur?<\/span><\/a><\/span><\/div><\/div><\/div>\n<div class=\"col-md-6 col-sm-6 col-xs-12 pt-cv-content-item pt-cv-1-col\" ><div class='pt-cv-ifield'><a href=\"https:\/\/cocukyazarlarkutuphanesi.com\/wps\/moringa-oleifera\/\" class=\"_self pt-cv-href-thumbnail pt-cv-thumb-default\" target=\"_self\" ><\/a>\n<h4 class=\"pt-cv-title\"><a href=\"https:\/\/cocukyazarlarkutuphanesi.com\/wps\/moringa-oleifera\/\" class=\"_self\" target=\"_self\" >Moringa Oleifera<\/a><\/h4>\n<div class=\"pt-cv-content\">Moringa bitkisi d\u00fcnyan\u0131n en \u015fifal\u0131 bitkisi olarak biliniyor. \u0130\u00e7inde A, C, E vitaminleri bulunmaktad\u0131r. T\u00fcrkiyede sadece ve sadece Gaziantep Nurda\u011f\u0131 ...<br \/><div class=\"pt-cv-rmwrap\"><a href=\"https:\/\/cocukyazarlarkutuphanesi.com\/wps\/moringa-oleifera\/\" class=\"_self pt-cv-readmore btn btn-success\" target=\"_self\">Daha Fazlas\u0131n\u0131 Oku<\/a><\/div><\/div>\n<div class=\"pt-cv-meta-fields\"><span class=\"entry-date\"> <time datetime=\"2025-05-15T08:22:07+00:00\">15 May\u0131s 2025<\/time><\/span><span> \/ <\/span><span class=\"author\"> <a href=\"https:\/\/cocukyazarlarkutuphanesi.com\/wps\/author\/nazikkurbanova\/\" rel=\"author\">NazikKurbanova<\/a><\/span><span> \/ <\/span><span class=\"comments-link\"> <a href=\"https:\/\/cocukyazarlarkutuphanesi.com\/wps\/moringa-oleifera\/#respond\">Yorum yok<span class=\"screen-reader-text\"> Moringa Oleifera<\/span><\/a><\/span><\/div><\/div><\/div>\n<div class=\"col-md-6 col-sm-6 col-xs-12 pt-cv-content-item pt-cv-1-col\" ><div class='pt-cv-ifield'><a href=\"https:\/\/cocukyazarlarkutuphanesi.com\/wps\/deger\/\" class=\"_self pt-cv-href-thumbnail pt-cv-thumb-default\" target=\"_self\" ><\/a>\n<h4 class=\"pt-cv-title\"><a href=\"https:\/\/cocukyazarlarkutuphanesi.com\/wps\/deger\/\" class=\"_self\" target=\"_self\" >De\u011fer<\/a><\/h4>\n<div class=\"pt-cv-content\">Bir g\u00fcn g\u00f6rd\u00fcm onlar\u0131 yolda y\u00fcr\u00fcrken , bir bah\u00e7enin ba\u011f\u0131nda salk\u0131m, salk\u0131m mosmor \u00fcz\u00fcmler G\u00fczelerdi dallar\u0131nda , kafam\u0131 bir e\u011fdim ...<br \/><div class=\"pt-cv-rmwrap\"><a href=\"https:\/\/cocukyazarlarkutuphanesi.com\/wps\/deger\/\" class=\"_self pt-cv-readmore btn btn-success\" target=\"_self\">Daha Fazlas\u0131n\u0131 Oku<\/a><\/div><\/div>\n<div class=\"pt-cv-meta-fields\"><span class=\"entry-date\"> <time datetime=\"2025-03-24T11:29:55+00:00\">24 Mart 2025<\/time><\/span><span> \/ <\/span><span class=\"author\"> <a href=\"https:\/\/cocukyazarlarkutuphanesi.com\/wps\/author\/halesultan\/\" rel=\"author\">halesultan<\/a><\/span><span> \/ <\/span><span class=\"comments-link\"> <a href=\"https:\/\/cocukyazarlarkutuphanesi.com\/wps\/deger\/#respond\">Yorum yok<span class=\"screen-reader-text\"> De\u011fer<\/span><\/a><\/span><\/div><\/div><\/div>\n<div class=\"col-md-6 col-sm-6 col-xs-12 pt-cv-content-item pt-cv-1-col\" ><div class='pt-cv-ifield'><a href=\"https:\/\/cocukyazarlarkutuphanesi.com\/wps\/tembellikten-caliskanliga\/\" class=\"_self pt-cv-href-thumbnail pt-cv-thumb-default\" target=\"_self\" ><\/a>\n<h4 class=\"pt-cv-title\"><a href=\"https:\/\/cocukyazarlarkutuphanesi.com\/wps\/tembellikten-caliskanliga\/\" class=\"_self\" target=\"_self\" >TEMBELL\u0130KTEN \u00c7ALI\u015eKANLI\u011eA<\/a><\/h4>\n<div class=\"pt-cv-content\">Bir g\u00fcn okuldayken zil \u00e7ald\u0131.Ders hocam\u0131z gelmi\u015fti.Ders i\u015flemeden \u00f6nce a\u00e7\u0131klayaca\u011f\u0131 bi\u015fey varm\u0131\u015f.Herkes sessizce hocay\u0131 dinlemeye ba\u015flad\u0131.Hocam\u0131z bize hikaye,\u015fiir vb. \u015feyler ...<br \/><div class=\"pt-cv-rmwrap\"><a href=\"https:\/\/cocukyazarlarkutuphanesi.com\/wps\/tembellikten-caliskanliga\/\" class=\"_self pt-cv-readmore btn btn-success\" target=\"_self\">Daha Fazlas\u0131n\u0131 Oku<\/a><\/div><\/div>\n<div class=\"pt-cv-meta-fields\"><span class=\"entry-date\"> <time datetime=\"2025-03-06T06:59:46+00:00\">6 Mart 2025<\/time><\/span><span> \/ <\/span><span class=\"author\"> <a href=\"https:\/\/cocukyazarlarkutuphanesi.com\/wps\/author\/busenur55\/\" rel=\"author\">busenur55<\/a><\/span><span> \/ <\/span><span class=\"comments-link\"> <a href=\"https:\/\/cocukyazarlarkutuphanesi.com\/wps\/tembellikten-caliskanliga\/#respond\">Yorum yok<span class=\"screen-reader-text\"> TEMBELL\u0130KTEN \u00c7ALI\u015eKANLI\u011eA<\/span><\/a><\/span><\/div><\/div><\/div>\n<div class=\"col-md-6 col-sm-6 col-xs-12 pt-cv-content-item pt-cv-1-col\" ><div class='pt-cv-ifield'><a href=\"https:\/\/cocukyazarlarkutuphanesi.com\/wps\/dersler-herseydir\/\" class=\"_self pt-cv-href-thumbnail pt-cv-thumb-default\" target=\"_self\" ><\/a>\n<h4 class=\"pt-cv-title\"><a href=\"https:\/\/cocukyazarlarkutuphanesi.com\/wps\/dersler-herseydir\/\" class=\"_self\" target=\"_self\" >Dersler Her\u015feydir<\/a><\/h4>\n<div class=\"pt-cv-content\">Dersler her \u015feydir, \u00f6\u011freniriz her g\u00fcn bilgilerle dolup ta\u015far akl\u0131m\u0131z. Matematikte say\u0131lar, hayat\u0131 \u00f6\u011fretir, Fen bilgisiyle do\u011fa, s\u0131rlar\u0131n\u0131 g\u00f6sterir. Tarih ...<br \/><div class=\"pt-cv-rmwrap\"><a href=\"https:\/\/cocukyazarlarkutuphanesi.com\/wps\/dersler-herseydir\/\" class=\"_self pt-cv-readmore btn btn-success\" target=\"_self\">Daha Fazlas\u0131n\u0131 Oku<\/a><\/div><\/div>\n<div class=\"pt-cv-meta-fields\"><span class=\"entry-date\"> <time datetime=\"2025-03-03T08:57:14+00:00\">3 Mart 2025<\/time><\/span><span> \/ <\/span><span class=\"author\"> <a href=\"https:\/\/cocukyazarlarkutuphanesi.com\/wps\/author\/arnisa75demir\/\" rel=\"author\">arnisa75demir<\/a><\/span><span> \/ <\/span><span class=\"comments-link\"> <a href=\"https:\/\/cocukyazarlarkutuphanesi.com\/wps\/dersler-herseydir\/#respond\">Yorum yok<span class=\"screen-reader-text\"> Dersler Her\u015feydir<\/span><\/a><\/span><\/div><\/div><\/div>\n<div class=\"col-md-6 col-sm-6 col-xs-12 pt-cv-content-item pt-cv-1-col\" ><div class='pt-cv-ifield'><a href=\"https:\/\/cocukyazarlarkutuphanesi.com\/wps\/kalemin-suskunlugu\/\" class=\"_self pt-cv-href-thumbnail pt-cv-thumb-default\" target=\"_self\" ><\/a>\n<h4 class=\"pt-cv-title\"><a href=\"https:\/\/cocukyazarlarkutuphanesi.com\/wps\/kalemin-suskunlugu\/\" class=\"_self\" target=\"_self\" >Kalemin Suskunlu\u011fu<\/a><\/h4>\n<div class=\"pt-cv-content\">Her c\u00fcmle, her paragraf, i\u00e7imdeki duygular\u0131n bir yans\u0131mas\u0131yd\u0131. Belki de yazmak, benim i\u00e7in bir ka\u00e7\u0131\u015f noktas\u0131, bir s\u0131\u011f\u0131nakt\u0131. Bilemiyorum. Fakat ...<br \/><div class=\"pt-cv-rmwrap\"><a href=\"https:\/\/cocukyazarlarkutuphanesi.com\/wps\/kalemin-suskunlugu\/\" class=\"_self pt-cv-readmore btn btn-success\" target=\"_self\">Daha Fazlas\u0131n\u0131 Oku<\/a><\/div><\/div>\n<div class=\"pt-cv-meta-fields\"><span class=\"entry-date\"> <time datetime=\"2024-09-30T07:52:47+00:00\">30 Eyl\u00fcl 2024<\/time><\/span><span> \/ <\/span><span class=\"author\"> <a href=\"https:\/\/cocukyazarlarkutuphanesi.com\/wps\/author\/yazar-5\/\" rel=\"author\">yazar<\/a><\/span><span> \/ <\/span><span class=\"comments-link\"> <a href=\"https:\/\/cocukyazarlarkutuphanesi.com\/wps\/kalemin-suskunlugu\/#comments\"><span class=\"screen-reader-text\">Kalemin Suskunlu\u011fu i\u00e7in<\/span> 5 yorum<\/a><\/span><\/div><\/div><\/div>\n<div class=\"col-md-6 col-sm-6 col-xs-12 pt-cv-content-item pt-cv-1-col\" ><div class='pt-cv-ifield'><a href=\"https:\/\/cocukyazarlarkutuphanesi.com\/wps\/gezi-gunlugum\/\" class=\"_self pt-cv-href-thumbnail pt-cv-thumb-default\" target=\"_self\" ><\/a>\n<h4 class=\"pt-cv-title\"><a href=\"https:\/\/cocukyazarlarkutuphanesi.com\/wps\/gezi-gunlugum\/\" class=\"_self\" target=\"_self\" >GEZ\u0130 G\u00dcNL\u00dc\u011e\u00dcM<\/a><\/h4>\n<div class=\"pt-cv-content\">Bah\u00e7ede tek ba\u015f\u0131ma annemin kahvalt\u0131y\u0131 haz\u0131rlamas\u0131n\u0131 bekliyordum. Annem yeme\u011fi haz\u0131rlayana kadar bah\u00e7ede oyaland\u0131m. Biraz sonra annemin sesini duydum. Yeme\u011fi haz\u0131rlam\u0131\u015ft\u0131 ...<br \/><div class=\"pt-cv-rmwrap\"><a href=\"https:\/\/cocukyazarlarkutuphanesi.com\/wps\/gezi-gunlugum\/\" class=\"_self pt-cv-readmore btn btn-success\" target=\"_self\">Daha Fazlas\u0131n\u0131 Oku<\/a><\/div><\/div>\n<div class=\"pt-cv-meta-fields\"><span class=\"entry-date\"> <time datetime=\"2024-03-26T07:34:19+00:00\">26 Mart 2024<\/time><\/span><span> \/ <\/span><span class=\"author\"> <a href=\"https:\/\/cocukyazarlarkutuphanesi.com\/wps\/author\/elifrana\/\" rel=\"author\">elifrana<\/a><\/span><span> \/ <\/span><span class=\"comments-link\"> <a href=\"https:\/\/cocukyazarlarkutuphanesi.com\/wps\/gezi-gunlugum\/#comments\"><span class=\"screen-reader-text\">GEZ\u0130 G\u00dcNL\u00dc\u011e\u00dcM i\u00e7in<\/span> bir yorum<\/a><\/span><\/div><\/div><\/div>\n<div class=\"col-md-6 col-sm-6 col-xs-12 pt-cv-content-item pt-cv-1-col\" ><div class='pt-cv-ifield'><a href=\"https:\/\/cocukyazarlarkutuphanesi.com\/wps\/korkularimiz\/\" class=\"_self pt-cv-href-thumbnail pt-cv-thumb-default\" target=\"_self\" ><\/a>\n<h4 class=\"pt-cv-title\"><a href=\"https:\/\/cocukyazarlarkutuphanesi.com\/wps\/korkularimiz\/\" class=\"_self\" target=\"_self\" >KORKULARIMIZ<\/a><\/h4>\n<div class=\"pt-cv-content\">Korkular\u0131m\u0131z ki\u015fisel deneyimlerimizin, hayallerimizin ve \u00e7evremizin etkisiyle geli\u015fen duygusal tepkilerimizdir. Her bireyin bir veya birden fazla korkusu olabilir ve korkular ...<br \/><div class=\"pt-cv-rmwrap\"><a href=\"https:\/\/cocukyazarlarkutuphanesi.com\/wps\/korkularimiz\/\" class=\"_self pt-cv-readmore btn btn-success\" target=\"_self\">Daha Fazlas\u0131n\u0131 Oku<\/a><\/div><\/div>\n<div class=\"pt-cv-meta-fields\"><span class=\"entry-date\"> <time datetime=\"2023-11-07T18:35:24+00:00\">7 Kas\u0131m 2023<\/time><\/span><span> \/ <\/span><span class=\"author\"> <a href=\"https:\/\/cocukyazarlarkutuphanesi.com\/wps\/author\/sahra\/\" rel=\"author\">Sahra<\/a><\/span><span> \/ <\/span><span class=\"comments-link\"> <a href=\"https:\/\/cocukyazarlarkutuphanesi.com\/wps\/korkularimiz\/#comments\"><span class=\"screen-reader-text\">KORKULARIMIZ i\u00e7in<\/span> 2 yorum<\/a><\/span><\/div><\/div><\/div>\n<div class=\"col-md-6 col-sm-6 col-xs-12 pt-cv-content-item pt-cv-1-col\" ><div class='pt-cv-ifield'><a href=\"https:\/\/cocukyazarlarkutuphanesi.com\/wps\/uzulmekten-daha-cok-gul\/\" class=\"_self pt-cv-href-thumbnail pt-cv-thumb-default\" target=\"_self\" ><\/a>\n<h4 class=\"pt-cv-title\"><a href=\"https:\/\/cocukyazarlarkutuphanesi.com\/wps\/uzulmekten-daha-cok-gul\/\" class=\"_self\" target=\"_self\" >\u00dcZ\u00dcLMEKTEN DAHA \u00c7OK G\u00dcL<\/a><\/h4>\n<div class=\"pt-cv-content\">Seni neler \u00fcz\u00fcyor bilmem ama bence \u00fcz\u00fclmek kimseye yak\u0131\u015fm\u0131yor .Niye biliyor musun ?\u00c7\u00fcnk\u00fc hi\u00e7bir \u015fey sonunu getirmiyor .Ya\u015f\u0131yorsun .Ve neyin ...<br \/><div class=\"pt-cv-rmwrap\"><a href=\"https:\/\/cocukyazarlarkutuphanesi.com\/wps\/uzulmekten-daha-cok-gul\/\" class=\"_self pt-cv-readmore btn btn-success\" target=\"_self\">Daha Fazlas\u0131n\u0131 Oku<\/a><\/div><\/div>\n<div class=\"pt-cv-meta-fields\"><span class=\"entry-date\"> <time datetime=\"2021-11-29T12:10:24+00:00\">29 Kas\u0131m 2021<\/time><\/span><span> \/ <\/span><span class=\"author\"> <a href=\"https:\/\/cocukyazarlarkutuphanesi.com\/wps\/author\/cerensu\/\" rel=\"author\">CerenSu<\/a><\/span><span> \/ <\/span><span class=\"comments-link\"> <a href=\"https:\/\/cocukyazarlarkutuphanesi.com\/wps\/uzulmekten-daha-cok-gul\/#respond\">Yorum yok<span class=\"screen-reader-text\"> \u00dcZ\u00dcLMEKTEN DAHA \u00c7OK G\u00dcL<\/span><\/a><\/span><\/div><\/div><\/div>\n<div class=\"col-md-6 col-sm-6 col-xs-12 pt-cv-content-item pt-cv-1-col\" ><div class='pt-cv-ifield'><a href=\"https:\/\/cocukyazarlarkutuphanesi.com\/wps\/lgs-bolum-3-test-kitabi-onerimi-ve-kac-soru-cozmeliyim\/\" class=\"_self pt-cv-href-thumbnail pt-cv-thumb-default\" target=\"_self\" ><\/a>\n<h4 class=\"pt-cv-title\"><a href=\"https:\/\/cocukyazarlarkutuphanesi.com\/wps\/lgs-bolum-3-test-kitabi-onerimi-ve-kac-soru-cozmeliyim\/\" class=\"_self\" target=\"_self\" >LGS B\u00f6l\u00fcm 3: Test kitab\u0131 \u00f6nerimi ve Ka\u00e7 soru \u00c7\u00f6zmeliyim<\/a><\/h4>\n<div class=\"pt-cv-content\">Test kitaplar\u0131 LGS'ye girecekler i\u00e7in \u015f\u00fcphesiz \u00e7ok \u00f6nemlidir. Test \u00e7\u00f6zmek LGS'de sizi rakiplerinize kar\u015f\u0131 bir ad\u0131m \u00f6nde tutmay\u0131 sa\u011flar \u00e7\u00fcnk\u00fc ...<br \/><div class=\"pt-cv-rmwrap\"><a href=\"https:\/\/cocukyazarlarkutuphanesi.com\/wps\/lgs-bolum-3-test-kitabi-onerimi-ve-kac-soru-cozmeliyim\/\" class=\"_self pt-cv-readmore btn btn-success\" target=\"_self\">Daha Fazlas\u0131n\u0131 Oku<\/a><\/div><\/div>\n<div class=\"pt-cv-meta-fields\"><span class=\"entry-date\"> <time datetime=\"2021-03-29T07:35:18+00:00\">29 Mart 2021<\/time><\/span><span> \/ <\/span><span class=\"author\"> <a href=\"https:\/\/cocukyazarlarkutuphanesi.com\/wps\/author\/jiyan1321\/\" rel=\"author\">jiyan1321<\/a><\/span><span> \/ <\/span><span class=\"comments-link\"> <a href=\"https:\/\/cocukyazarlarkutuphanesi.com\/wps\/lgs-bolum-3-test-kitabi-onerimi-ve-kac-soru-cozmeliyim\/#respond\">Yorum yok<span class=\"screen-reader-text\"> LGS B\u00f6l\u00fcm 3: Test kitab\u0131 \u00f6nerimi ve Ka\u00e7 soru \u00c7\u00f6zmeliyim<\/span><\/a><\/span><\/div><\/div><\/div><\/div><\/div>\n<div class=\" pt-cv-pagination-wrapper\"><ul class=\"pt-cv-pagination pt-cv-ajax pagination\" data-totalpages=\"8\" data-currentpage=\"1\" data-sid=\"3c2c949t2l\" data-unid=\"\" data-isblock=\"\" data-postid=\"\"><li class=\"active\"><a href=\"#\">1<\/a><\/li>\n\t<li ><a class=\"\" href=\"https:\/\/cocukyazarlarkutuphanesi.com\/wps\/wp-json\/wp\/v2\/pages\/1972\/?_page=2\">2<\/a><\/li>\n\t<li ><a class=\"\" href=\"https:\/\/cocukyazarlarkutuphanesi.com\/wps\/wp-json\/wp\/v2\/pages\/1972\/?_page=3\">3<\/a><\/li>\n\t<li ><a href=\"#\">&hellip;<\/a><\/li>\n\t<li ><a class=\"\" href=\"https:\/\/cocukyazarlarkutuphanesi.com\/wps\/wp-json\/wp\/v2\/pages\/1972\/?_page=8\">8<\/a><\/li>\n\t<li ><a class=\" \" href=\"https:\/\/cocukyazarlarkutuphanesi.com\/wps\/wp-json\/wp\/v2\/pages\/1972\/?_page=2\">&rsaquo;<\/a><\/li>\n\t<\/ul><img loading=\"lazy\" decoding=\"async\" width=\"15\" height=\"15\" class=\"pt-cv-spinner\" alt=\"Loading...\" src=\"data:image\/gif;base64,R0lGODlhDwAPALMPAMrKygwMDJOTkz09PZWVla+vr3p6euTk5M7OzuXl5TMzMwAAAJmZmWZmZszMzP\/\/\/yH\/C05FVFNDQVBFMi4wAwEAAAAh+QQFCgAPACwAAAAADwAPAAAEQvDJaZaZOIcV8iQK8VRX4iTYoAwZ4iCYoAjZ4RxejhVNoT+mRGP4cyF4Pp0N98sBGIBMEMOotl6YZ3S61Bmbkm4mAgAh+QQFCgAPACwAAAAADQANAAAENPDJSRSZeA418itN8QiK8BiLITVsFiyBBIoYqnoewAD4xPw9iY4XLGYSjkQR4UAUD45DLwIAIfkEBQoADwAsAAAAAA8ACQAABC\/wyVlamTi3nSdgwFNdhEJgTJoNyoB9ISYoQmdjiZPcj7EYCAeCF1gEDo4Dz2eIAAAh+QQFCgAPACwCAAAADQANAAAEM\/DJBxiYeLKdX3IJZT1FU0iIg2RNKx3OkZVnZ98ToRD4MyiDnkAh6BkNC0MvsAj0kMpHBAAh+QQFCgAPACwGAAAACQAPAAAEMDC59KpFDll73HkAA2wVY5KgiK5b0RRoI6MuzG6EQqCDMlSGheEhUAgqgUUAFRySIgAh+QQFCgAPACwCAAIADQANAAAEM\/DJKZNLND\/kkKaHc3xk+QAMYDKsiaqmZCxGVjSFFCxB1vwy2oOgIDxuucxAMTAJFAJNBAAh+QQFCgAPACwAAAYADwAJAAAEMNAs86q1yaWwwv2Ig0jUZx3OYa4XoRAfwADXoAwfo1+CIjyFRuEho60aSNYlOPxEAAAh+QQFCgAPACwAAAIADQANAAAENPA9s4y8+IUVcqaWJ4qEQozSoAzoIyhCK2NFU2SJk0hNnyEOhKR2AzAAj4Pj4GE4W0bkJQIAOw==\" \/><div class=\"clear pt-cv-clear-pagination\"><\/div><\/div><\/div>\n<div style='text-align:left' class='yasr-auto-insert-visitor'><\/div>","protected":false},"excerpt":{"rendered":"","protected":false},"author":779,"featured_media":0,"parent":0,"menu_order":0,"comment_status":"closed","ping_status":"closed","template":"","meta":{"om_disable_all_campaigns":false,"_monsterinsights_skip_tracking":false,"_monsterinsights_sitenote_active":false,"_monsterinsights_sitenote_note":"","_monsterinsights_sitenote_category":0,"yasr_overall_rating":0,"yasr_post_is_review":"","yasr_auto_insert_disabled":"","yasr_review_type":"","footnotes":""},"class_list":["post-1972","page","type-page","status-publish","hentry"],"yasr_visitor_votes":{"stars_attributes":{"read_only":true,"span_bottom":"<div class='yasr-small-block-bold'><span class='yasr-visitor-votes-must-sign-in'>You must sign in to vote<\/span><\/div>"},"number_of_votes":0,"sum_votes":0},"_links":{"self":[{"href":"https:\/\/cocukyazarlarkutuphanesi.com\/wps\/wp-json\/wp\/v2\/pages\/1972","targetHints":{"allow":["GET"]}}],"collection":[{"href":"https:\/\/cocukyazarlarkutuphanesi.com\/wps\/wp-json\/wp\/v2\/pages"}],"about":[{"href":"https:\/\/cocukyazarlarkutuphanesi.com\/wps\/wp-json\/wp\/v2\/types\/page"}],"author":[{"embeddable":true,"href":"https:\/\/cocukyazarlarkutuphanesi.com\/wps\/wp-json\/wp\/v2\/users\/779"}],"replies":[{"embeddable":true,"href":"https:\/\/cocukyazarlarkutuphanesi.com\/wps\/wp-json\/wp\/v2\/comments?post=1972"}],"version-history":[{"count":0,"href":"https:\/\/cocukyazarlarkutuphanesi.com\/wps\/wp-json\/wp\/v2\/pages\/1972\/revisions"}],"wp:attachment":[{"href":"https:\/\/cocukyazarlarkutuphanesi.com\/wps\/wp-json\/wp\/v2\/media?parent=1972"}],"curies":[{"name":"wp","href":"https:\/\/api.w.org\/{rel}","templated":true}]}}