{"id":1978,"date":"2019-01-27T12:31:52","date_gmt":"2019-01-27T12:31:52","guid":{"rendered":"https:\/\/cocukyazarlarkutuphanesi.com\/?page_id=1978"},"modified":"2019-01-28T07:42:58","modified_gmt":"2019-01-28T07:42:58","slug":"siirler","status":"publish","type":"page","link":"https:\/\/cocukyazarlarkutuphanesi.com\/wps\/siirler\/","title":{"rendered":"\u015eiirler"},"content":{"rendered":"\n<div class=\"pt-cv-wrapper\"><div class=\"pt-cv-view pt-cv-grid pt-cv-colsys\" id=\"pt-cv-view-ff6e542moj\"><div data-id=\"pt-cv-page-1\" class=\"pt-cv-page\" data-cvc=\"2\"><div class=\"col-md-6 col-sm-6 col-xs-12 pt-cv-content-item pt-cv-1-col\" ><div class='pt-cv-ifield'><a href=\"https:\/\/cocukyazarlarkutuphanesi.com\/wps\/zil-calinca-baslar-masal\/\" class=\"_self pt-cv-href-thumbnail pt-cv-thumb-default\" target=\"_self\" ><\/a>\n<h4 class=\"pt-cv-title\"><a href=\"https:\/\/cocukyazarlarkutuphanesi.com\/wps\/zil-calinca-baslar-masal\/\" class=\"_self\" target=\"_self\" >Z\u0130L \u00c7ALINCA BA\u015eLAR MASAL<\/a><\/h4>\n<div class=\"pt-cv-content\">Zil \u00e7al\u0131nca ba\u015flar sessizce, Bir d\u00fc\u015f gibi kurulur s\u0131n\u0131flar, Kalem ucu ka\u011f\u0131da dokunur, Bilginin kalbinde atar an\u0131lar. Tahtada tebe\u015fir tozlar\u0131yla Yaz\u0131l\u0131r hayaller, umutlar bir bir. \u00d6\u011fretmen bir y\u0131ld\u0131z gibi parlar, ...<br \/><div class=\"pt-cv-rmwrap\"><a href=\"https:\/\/cocukyazarlarkutuphanesi.com\/wps\/zil-calinca-baslar-masal\/\" class=\"_self pt-cv-readmore btn btn-success\" target=\"_self\">Daha Fazlas\u0131n\u0131 Oku<\/a><\/div><\/div>\n<div class=\"pt-cv-meta-fields\"><span class=\"entry-date\"> <time datetime=\"2025-05-27T12:49:57+00:00\">27 May\u0131s 2025<\/time><\/span><span> \/ <\/span><span class=\"author\"> <a href=\"https:\/\/cocukyazarlarkutuphanesi.com\/wps\/author\/aysimanur57\/\" rel=\"author\">Aysimanur57<\/a><\/span><span> \/ <\/span><span class=\"comments-link\"> <a href=\"https:\/\/cocukyazarlarkutuphanesi.com\/wps\/zil-calinca-baslar-masal\/#respond\">Yorum yok<span class=\"screen-reader-text\"> Z\u0130L \u00c7ALINCA BA\u015eLAR MASAL<\/span><\/a><\/span><\/div><\/div><\/div>\n<div class=\"col-md-6 col-sm-6 col-xs-12 pt-cv-content-item pt-cv-1-col\" ><div class='pt-cv-ifield'><a href=\"https:\/\/cocukyazarlarkutuphanesi.com\/wps\/kucuk-evrenin-sesleri\/\" class=\"_self pt-cv-href-thumbnail pt-cv-thumb-default\" target=\"_self\" ><\/a>\n<h4 class=\"pt-cv-title\"><a href=\"https:\/\/cocukyazarlarkutuphanesi.com\/wps\/kucuk-evrenin-sesleri\/\" class=\"_self\" target=\"_self\" >K\u00dc\u00c7\u00dcK EVREN\u0130N SESLER\u0130<\/a><\/h4>\n<div class=\"pt-cv-content\">Bir tohum d\u00fc\u015ft\u00fc, Topra\u011fa gizlendi. Sessiz kald\u0131, Ama bekledi. G\u00fcnler ge\u00e7ti, Ya\u011fmur dokundu. Bir filiz \u00e7\u0131kt\u0131, G\u00fcne\u015fe uzand\u0131. K\u00fc\u00e7\u00fck bir hayat, B\u00fcy\u00fcyor sakince. Minik bir mucize, G\u00f6zle g\u00f6r\u00fclmezce. R\u00fczgar f\u0131s\u0131ldar, ...<br \/><div class=\"pt-cv-rmwrap\"><a href=\"https:\/\/cocukyazarlarkutuphanesi.com\/wps\/kucuk-evrenin-sesleri\/\" class=\"_self pt-cv-readmore btn btn-success\" target=\"_self\">Daha Fazlas\u0131n\u0131 Oku<\/a><\/div><\/div>\n<div class=\"pt-cv-meta-fields\"><span class=\"entry-date\"> <time datetime=\"2025-05-27T12:48:24+00:00\">27 May\u0131s 2025<\/time><\/span><span> \/ <\/span><span class=\"author\"> <a href=\"https:\/\/cocukyazarlarkutuphanesi.com\/wps\/author\/zeynep-kumicen\/\" rel=\"author\">zeynep.kumicen<\/a><\/span><span> \/ <\/span><span class=\"comments-link\"> <a href=\"https:\/\/cocukyazarlarkutuphanesi.com\/wps\/kucuk-evrenin-sesleri\/#respond\">Yorum yok<span class=\"screen-reader-text\"> K\u00dc\u00c7\u00dcK EVREN\u0130N SESLER\u0130<\/span><\/a><\/span><\/div><\/div><\/div>\n<div class=\"col-md-6 col-sm-6 col-xs-12 pt-cv-content-item pt-cv-1-col\" ><div class='pt-cv-ifield'><a href=\"https:\/\/cocukyazarlarkutuphanesi.com\/wps\/duslerin-kanatlari\/\" class=\"_self pt-cv-href-thumbnail pt-cv-thumb-default\" target=\"_self\" ><\/a>\n<h4 class=\"pt-cv-title\"><a href=\"https:\/\/cocukyazarlarkutuphanesi.com\/wps\/duslerin-kanatlari\/\" class=\"_self\" target=\"_self\" >D\u00dc\u015eLER\u0130N KANATLARI<\/a><\/h4>\n<div class=\"pt-cv-content\">Bir kelebek var, Kanatlar\u0131 renkli. U\u00e7ar hafif\u00e7e, G\u00f6ky\u00fcz\u00fcnde sessiz. Her u\u00e7u\u015funda, Bir hayal ba\u015flar. K\u00fc\u00e7\u00fck k\u0131v\u0131lc\u0131m, Y\u0131ld\u0131z olur anlar. D\u00fc\u015fler b\u00fcy\u00fcr, K\u00fc\u00e7\u00fck ama g\u00fc\u00e7l\u00fc. Kanat a\u00e7ar, G\u00f6\u011fe do\u011fru yolculuk. Sak\u0131n ...<br \/><div class=\"pt-cv-rmwrap\"><a href=\"https:\/\/cocukyazarlarkutuphanesi.com\/wps\/duslerin-kanatlari\/\" class=\"_self pt-cv-readmore btn btn-success\" target=\"_self\">Daha Fazlas\u0131n\u0131 Oku<\/a><\/div><\/div>\n<div class=\"pt-cv-meta-fields\"><span class=\"entry-date\"> <time datetime=\"2025-05-27T12:44:07+00:00\">27 May\u0131s 2025<\/time><\/span><span> \/ <\/span><span class=\"author\"> <a href=\"https:\/\/cocukyazarlarkutuphanesi.com\/wps\/author\/zeynep-kumicen\/\" rel=\"author\">zeynep.kumicen<\/a><\/span><span> \/ <\/span><span class=\"comments-link\"> <a href=\"https:\/\/cocukyazarlarkutuphanesi.com\/wps\/duslerin-kanatlari\/#respond\">Yorum yok<span class=\"screen-reader-text\"> D\u00dc\u015eLER\u0130N KANATLARI<\/span><\/a><\/span><\/div><\/div><\/div>\n<div class=\"col-md-6 col-sm-6 col-xs-12 pt-cv-content-item pt-cv-1-col\" ><div class='pt-cv-ifield'><a href=\"https:\/\/cocukyazarlarkutuphanesi.com\/wps\/bilginin-izinde\/\" class=\"_self pt-cv-href-thumbnail pt-cv-thumb-default\" target=\"_self\" ><\/a>\n<h4 class=\"pt-cv-title\"><a href=\"https:\/\/cocukyazarlarkutuphanesi.com\/wps\/bilginin-izinde\/\" class=\"_self\" target=\"_self\" >B\u0130LG\u0130N\u0130N \u0130Z\u0130NDE<\/a><\/h4>\n<div class=\"pt-cv-content\">Her sabah bir umutla a\u00e7\u0131l\u0131r kap\u0131lar, Tahtada bekler sessizce yar\u0131nlar. Bir harf, bir kelime, bir c\u00fcmle olur, G\u00f6nl\u00fcm\u00fczde filizlenen yollar. Kalem tutan eller titrek belki, Ama hayal kurar cesurca gizlice ...<br \/><div class=\"pt-cv-rmwrap\"><a href=\"https:\/\/cocukyazarlarkutuphanesi.com\/wps\/bilginin-izinde\/\" class=\"_self pt-cv-readmore btn btn-success\" target=\"_self\">Daha Fazlas\u0131n\u0131 Oku<\/a><\/div><\/div>\n<div class=\"pt-cv-meta-fields\"><span class=\"entry-date\"> <time datetime=\"2025-05-17T08:20:15+00:00\">17 May\u0131s 2025<\/time><\/span><span> \/ <\/span><span class=\"author\"> <a href=\"https:\/\/cocukyazarlarkutuphanesi.com\/wps\/author\/aysimanur57\/\" rel=\"author\">Aysimanur57<\/a><\/span><span> \/ <\/span><span class=\"comments-link\"> <a href=\"https:\/\/cocukyazarlarkutuphanesi.com\/wps\/bilginin-izinde\/#respond\">Yorum yok<span class=\"screen-reader-text\"> B\u0130LG\u0130N\u0130N \u0130Z\u0130NDE<\/span><\/a><\/span><\/div><\/div><\/div>\n<div class=\"col-md-6 col-sm-6 col-xs-12 pt-cv-content-item pt-cv-1-col\" ><div class='pt-cv-ifield'><a href=\"https:\/\/cocukyazarlarkutuphanesi.com\/wps\/okullar-acildi-ziller-caldi\/\" class=\"_self pt-cv-href-thumbnail pt-cv-thumb-default\" target=\"_self\" ><\/a>\n<h4 class=\"pt-cv-title\"><a href=\"https:\/\/cocukyazarlarkutuphanesi.com\/wps\/okullar-acildi-ziller-caldi\/\" class=\"_self\" target=\"_self\" >OKULLAR A\u00c7ILDI Z\u0130LLER \u00c7ALDI<\/a><\/h4>\n<div class=\"pt-cv-content\">Okullar\u0131n a\u00e7\u0131lmas\u0131yla beraber, Ne\u015fe doldu her yer. \u00c7antalar omuzlarda, Dersler ak\u0131llarda. Hocalar\u0131 dinle, Derse odaklan. Kafan\u0131 \u00e7al\u0131\u015ft\u0131r, Mutlu ol o zaman. Derste konu\u015fma, Hoca anlat\u0131r sonra. Teneff\u00fcs zili \u00e7ald\u0131, Hayat ...<br \/><div class=\"pt-cv-rmwrap\"><a href=\"https:\/\/cocukyazarlarkutuphanesi.com\/wps\/okullar-acildi-ziller-caldi\/\" class=\"_self pt-cv-readmore btn btn-success\" target=\"_self\">Daha Fazlas\u0131n\u0131 Oku<\/a><\/div><\/div>\n<div class=\"pt-cv-meta-fields\"><span class=\"entry-date\"> <time datetime=\"2025-05-17T08:17:05+00:00\">17 May\u0131s 2025<\/time><\/span><span> \/ <\/span><span class=\"author\"> <a href=\"https:\/\/cocukyazarlarkutuphanesi.com\/wps\/author\/aysimanur57\/\" rel=\"author\">Aysimanur57<\/a><\/span><span> \/ <\/span><span class=\"comments-link\"> <a href=\"https:\/\/cocukyazarlarkutuphanesi.com\/wps\/okullar-acildi-ziller-caldi\/#respond\">Yorum yok<span class=\"screen-reader-text\"> OKULLAR A\u00c7ILDI Z\u0130LLER \u00c7ALDI<\/span><\/a><\/span><\/div><\/div><\/div>\n<div class=\"col-md-6 col-sm-6 col-xs-12 pt-cv-content-item pt-cv-1-col\" ><div class='pt-cv-ifield'><a href=\"https:\/\/cocukyazarlarkutuphanesi.com\/wps\/zil-calinca\/\" class=\"_self pt-cv-href-thumbnail pt-cv-thumb-default\" target=\"_self\" ><\/a>\n<h4 class=\"pt-cv-title\"><a href=\"https:\/\/cocukyazarlarkutuphanesi.com\/wps\/zil-calinca\/\" class=\"_self\" target=\"_self\" >Z\u0130L \u00c7ALINCA<\/a><\/h4>\n<div class=\"pt-cv-content\">Sabah ezgisiyle uyan\u0131r mahalle, Bir tela\u015f, bir ko\u015fu, \u00e7antalar elde. Okul yolu ta\u015fl\u0131, umutla dolu, Her ad\u0131mda b\u00fcy\u00fcr \u00e7ocuklar\u0131n solu\u011fu. S\u0131n\u0131f\u0131n kokusu kar\u0131\u015f\u0131r zamana, Tebe\u015fir, kalem, defter, hayrana. Bir soru ...<br \/><div class=\"pt-cv-rmwrap\"><a href=\"https:\/\/cocukyazarlarkutuphanesi.com\/wps\/zil-calinca\/\" class=\"_self pt-cv-readmore btn btn-success\" target=\"_self\">Daha Fazlas\u0131n\u0131 Oku<\/a><\/div><\/div>\n<div class=\"pt-cv-meta-fields\"><span class=\"entry-date\"> <time datetime=\"2025-05-17T08:16:34+00:00\">17 May\u0131s 2025<\/time><\/span><span> \/ <\/span><span class=\"author\"> <a href=\"https:\/\/cocukyazarlarkutuphanesi.com\/wps\/author\/aysimanur57\/\" rel=\"author\">Aysimanur57<\/a><\/span><span> \/ <\/span><span class=\"comments-link\"> <a href=\"https:\/\/cocukyazarlarkutuphanesi.com\/wps\/zil-calinca\/#respond\">Yorum yok<span class=\"screen-reader-text\"> Z\u0130L \u00c7ALINCA<\/span><\/a><\/span><\/div><\/div><\/div>\n<div class=\"col-md-6 col-sm-6 col-xs-12 pt-cv-content-item pt-cv-1-col\" ><div class='pt-cv-ifield'><a href=\"https:\/\/cocukyazarlarkutuphanesi.com\/wps\/ben-bir-okul-asigi\/\" class=\"_self pt-cv-href-thumbnail pt-cv-thumb-default\" target=\"_self\" ><\/a>\n<h4 class=\"pt-cv-title\"><a href=\"https:\/\/cocukyazarlarkutuphanesi.com\/wps\/ben-bir-okul-asigi\/\" class=\"_self\" target=\"_self\" >BEN B\u0130R OKUL A\u015eI\u011eI<\/a><\/h4>\n<div class=\"pt-cv-content\">Ben bir okul a\u015f\u0131\u011f\u0131y\u0131m, Neden okulu seviyorsun derler, Benim gelece\u011fim, derim, \u00c7\u00fcnk\u00fc ben okul a\u015f\u0131\u011f\u0131y\u0131m. Doktor mu olmak istersin, Yoksa \u00f6\u011fretmen mi? Bense, bir meslek sahibi, \u00c7\u00fcnk\u00fc ben okul a\u015f\u0131\u011f\u0131y\u0131m ...<br \/><div class=\"pt-cv-rmwrap\"><a href=\"https:\/\/cocukyazarlarkutuphanesi.com\/wps\/ben-bir-okul-asigi\/\" class=\"_self pt-cv-readmore btn btn-success\" target=\"_self\">Daha Fazlas\u0131n\u0131 Oku<\/a><\/div><\/div>\n<div class=\"pt-cv-meta-fields\"><span class=\"entry-date\"> <time datetime=\"2025-05-15T10:57:52+00:00\">15 May\u0131s 2025<\/time><\/span><span> \/ <\/span><span class=\"author\"> <a href=\"https:\/\/cocukyazarlarkutuphanesi.com\/wps\/author\/zeynep-kumicen\/\" rel=\"author\">zeynep.kumicen<\/a><\/span><span> \/ <\/span><span class=\"comments-link\"> <a href=\"https:\/\/cocukyazarlarkutuphanesi.com\/wps\/ben-bir-okul-asigi\/#respond\">Yorum yok<span class=\"screen-reader-text\"> BEN B\u0130R OKUL A\u015eI\u011eI<\/span><\/a><\/span><\/div><\/div><\/div>\n<div class=\"col-md-6 col-sm-6 col-xs-12 pt-cv-content-item pt-cv-1-col\" ><div class='pt-cv-ifield'><a href=\"https:\/\/cocukyazarlarkutuphanesi.com\/wps\/yagmur-kokusu\/\" class=\"_self pt-cv-href-thumbnail pt-cv-thumb-default\" target=\"_self\" ><\/a>\n<h4 class=\"pt-cv-title\"><a href=\"https:\/\/cocukyazarlarkutuphanesi.com\/wps\/yagmur-kokusu\/\" class=\"_self\" target=\"_self\" >YA\u011eMUR KOKUSU<\/a><\/h4>\n<div class=\"pt-cv-content\">D\u00fcn b\u00fct\u00fcn gece ya\u011fmur ya\u011fd\u0131, Toprakta ince bir koku kald\u0131, Koklad\u0131m huzuru buldum, O kokuyu herkese duyurdum. Kald\u0131 burnumda kokusu, Sard\u0131 beni hasret duygusu, Sende solu,sende kokla, Anlars\u0131n beni sonra ...<br \/><div class=\"pt-cv-rmwrap\"><a href=\"https:\/\/cocukyazarlarkutuphanesi.com\/wps\/yagmur-kokusu\/\" class=\"_self pt-cv-readmore btn btn-success\" target=\"_self\">Daha Fazlas\u0131n\u0131 Oku<\/a><\/div><\/div>\n<div class=\"pt-cv-meta-fields\"><span class=\"entry-date\"> <time datetime=\"2025-05-15T10:56:09+00:00\">15 May\u0131s 2025<\/time><\/span><span> \/ <\/span><span class=\"author\"> <a href=\"https:\/\/cocukyazarlarkutuphanesi.com\/wps\/author\/friendisturk\/\" rel=\"author\">Friendisturk<\/a><\/span><span> \/ <\/span><span class=\"comments-link\"> <a href=\"https:\/\/cocukyazarlarkutuphanesi.com\/wps\/yagmur-kokusu\/#respond\">Yorum yok<span class=\"screen-reader-text\"> YA\u011eMUR KOKUSU<\/span><\/a><\/span><\/div><\/div><\/div>\n<div class=\"col-md-6 col-sm-6 col-xs-12 pt-cv-content-item pt-cv-1-col\" ><div class='pt-cv-ifield'><a href=\"https:\/\/cocukyazarlarkutuphanesi.com\/wps\/gercekleri-soyle\/\" class=\"_self pt-cv-href-thumbnail pt-cv-thumb-default\" target=\"_self\" ><\/a>\n<h4 class=\"pt-cv-title\"><a href=\"https:\/\/cocukyazarlarkutuphanesi.com\/wps\/gercekleri-soyle\/\" class=\"_self\" target=\"_self\" >GER\u00c7EKLER\u0130 S\u00d6YLE<\/a><\/h4>\n<div class=\"pt-cv-content\">Hi\u00e7 kimse sana inanm\u0131yor Tekrar ,tekrar kaybettin Umudunu kaybettin Ama sen hala hayaline bak\u0131yorsun Her g\u00fcn\u00fcn\u00fc g\u00f6zden ge\u00e7iriyorsun Ve kendin s\u00f6yl\u00fcyorsun bitmeyecek ,ben kazanana kadar Bitmeyecek... Benimle birlikte ,s\u00f6yle Y\u0131llar ...<br \/><div class=\"pt-cv-rmwrap\"><a href=\"https:\/\/cocukyazarlarkutuphanesi.com\/wps\/gercekleri-soyle\/\" class=\"_self pt-cv-readmore btn btn-success\" target=\"_self\">Daha Fazlas\u0131n\u0131 Oku<\/a><\/div><\/div>\n<div class=\"pt-cv-meta-fields\"><span class=\"entry-date\"> <time datetime=\"2025-05-15T10:47:55+00:00\">15 May\u0131s 2025<\/time><\/span><span> \/ <\/span><span class=\"author\"> <a href=\"https:\/\/cocukyazarlarkutuphanesi.com\/wps\/author\/oznur123\/\" rel=\"author\">oznur123<\/a><\/span><span> \/ <\/span><span class=\"comments-link\"> <a href=\"https:\/\/cocukyazarlarkutuphanesi.com\/wps\/gercekleri-soyle\/#respond\">Yorum yok<span class=\"screen-reader-text\"> GER\u00c7EKLER\u0130 S\u00d6YLE<\/span><\/a><\/span><\/div><\/div><\/div>\n<div class=\"col-md-6 col-sm-6 col-xs-12 pt-cv-content-item pt-cv-1-col\" ><div class='pt-cv-ifield'><a href=\"https:\/\/cocukyazarlarkutuphanesi.com\/wps\/kendime-guvenmeliyim\/\" class=\"_self pt-cv-href-thumbnail pt-cv-thumb-default\" target=\"_self\" ><\/a>\n<h4 class=\"pt-cv-title\"><a href=\"https:\/\/cocukyazarlarkutuphanesi.com\/wps\/kendime-guvenmeliyim\/\" class=\"_self\" target=\"_self\" >KENDIME G\u00dcVENMEL\u0130Y\u0130M<\/a><\/h4>\n<div class=\"pt-cv-content\">Sadece ben ve kendim. \u00d6lene dek hep yaln\u0131z devam edece\u011fim. \u00c7\u00fcnk\u00fc \u00f6m\u00fcr boyu kendime sahibim. Tutunacak bir ele ihtiyac\u0131m yok Gece so\u011fuk oldu\u011funda bile. Senleyken bile kendime g\u00fcvenirim, Ate\u015fe ihtiyac\u0131m ...<br \/><div class=\"pt-cv-rmwrap\"><a href=\"https:\/\/cocukyazarlarkutuphanesi.com\/wps\/kendime-guvenmeliyim\/\" class=\"_self pt-cv-readmore btn btn-success\" target=\"_self\">Daha Fazlas\u0131n\u0131 Oku<\/a><\/div><\/div>\n<div class=\"pt-cv-meta-fields\"><span class=\"entry-date\"> <time datetime=\"2025-05-15T10:47:16+00:00\">15 May\u0131s 2025<\/time><\/span><span> \/ <\/span><span class=\"author\"> <a href=\"https:\/\/cocukyazarlarkutuphanesi.com\/wps\/author\/oznur123\/\" rel=\"author\">oznur123<\/a><\/span><span> \/ <\/span><span class=\"comments-link\"> <a href=\"https:\/\/cocukyazarlarkutuphanesi.com\/wps\/kendime-guvenmeliyim\/#respond\">Yorum yok<span class=\"screen-reader-text\"> KENDIME G\u00dcVENMEL\u0130Y\u0130M<\/span><\/a><\/span><\/div><\/div><\/div><\/div><\/div>\n<div class=\" pt-cv-pagination-wrapper\"><ul class=\"pt-cv-pagination pt-cv-ajax pagination\" data-totalpages=\"13\" data-currentpage=\"1\" data-sid=\"ff6e542moj\" data-unid=\"\" data-isblock=\"\" data-postid=\"\"><li class=\"active\"><a href=\"#\">1<\/a><\/li>\n\t<li ><a class=\"\" href=\"https:\/\/cocukyazarlarkutuphanesi.com\/wps\/wp-json\/wp\/v2\/pages\/1978\/?_page=2\">2<\/a><\/li>\n\t<li ><a class=\"\" href=\"https:\/\/cocukyazarlarkutuphanesi.com\/wps\/wp-json\/wp\/v2\/pages\/1978\/?_page=3\">3<\/a><\/li>\n\t<li ><a href=\"#\">&hellip;<\/a><\/li>\n\t<li ><a class=\"\" href=\"https:\/\/cocukyazarlarkutuphanesi.com\/wps\/wp-json\/wp\/v2\/pages\/1978\/?_page=13\">13<\/a><\/li>\n\t<li ><a class=\" \" href=\"https:\/\/cocukyazarlarkutuphanesi.com\/wps\/wp-json\/wp\/v2\/pages\/1978\/?_page=2\">&rsaquo;<\/a><\/li>\n\t<\/ul><img loading=\"lazy\" decoding=\"async\" width=\"15\" height=\"15\" class=\"pt-cv-spinner\" alt=\"Loading...\" src=\"data:image\/gif;base64,R0lGODlhDwAPALMPAMrKygwMDJOTkz09PZWVla+vr3p6euTk5M7OzuXl5TMzMwAAAJmZmWZmZszMzP\/\/\/yH\/C05FVFNDQVBFMi4wAwEAAAAh+QQFCgAPACwAAAAADwAPAAAEQvDJaZaZOIcV8iQK8VRX4iTYoAwZ4iCYoAjZ4RxejhVNoT+mRGP4cyF4Pp0N98sBGIBMEMOotl6YZ3S61Bmbkm4mAgAh+QQFCgAPACwAAAAADQANAAAENPDJSRSZeA418itN8QiK8BiLITVsFiyBBIoYqnoewAD4xPw9iY4XLGYSjkQR4UAUD45DLwIAIfkEBQoADwAsAAAAAA8ACQAABC\/wyVlamTi3nSdgwFNdhEJgTJoNyoB9ISYoQmdjiZPcj7EYCAeCF1gEDo4Dz2eIAAAh+QQFCgAPACwCAAAADQANAAAEM\/DJBxiYeLKdX3IJZT1FU0iIg2RNKx3OkZVnZ98ToRD4MyiDnkAh6BkNC0MvsAj0kMpHBAAh+QQFCgAPACwGAAAACQAPAAAEMDC59KpFDll73HkAA2wVY5KgiK5b0RRoI6MuzG6EQqCDMlSGheEhUAgqgUUAFRySIgAh+QQFCgAPACwCAAIADQANAAAEM\/DJKZNLND\/kkKaHc3xk+QAMYDKsiaqmZCxGVjSFFCxB1vwy2oOgIDxuucxAMTAJFAJNBAAh+QQFCgAPACwAAAYADwAJAAAEMNAs86q1yaWwwv2Ig0jUZx3OYa4XoRAfwADXoAwfo1+CIjyFRuEho60aSNYlOPxEAAAh+QQFCgAPACwAAAIADQANAAAENPA9s4y8+IUVcqaWJ4qEQozSoAzoIyhCK2NFU2SJk0hNnyEOhKR2AzAAj4Pj4GE4W0bkJQIAOw==\" \/><div class=\"clear pt-cv-clear-pagination\"><\/div><\/div><\/div>\n<div style='text-align:left' class='yasr-auto-insert-visitor'><\/div>","protected":false},"excerpt":{"rendered":"","protected":false},"author":779,"featured_media":0,"parent":0,"menu_order":0,"comment_status":"closed","ping_status":"closed","template":"","meta":{"om_disable_all_campaigns":false,"_monsterinsights_skip_tracking":false,"_monsterinsights_sitenote_active":false,"_monsterinsights_sitenote_note":"","_monsterinsights_sitenote_category":0,"yasr_overall_rating":0,"yasr_post_is_review":"","yasr_auto_insert_disabled":"","yasr_review_type":"","footnotes":""},"class_list":["post-1978","page","type-page","status-publish","hentry"],"yasr_visitor_votes":{"stars_attributes":{"read_only":true,"span_bottom":"<div class='yasr-small-block-bold'><span class='yasr-visitor-votes-must-sign-in'>You must sign in to vote<\/span><\/div>"},"number_of_votes":0,"sum_votes":0},"_links":{"self":[{"href":"https:\/\/cocukyazarlarkutuphanesi.com\/wps\/wp-json\/wp\/v2\/pages\/1978","targetHints":{"allow":["GET"]}}],"collection":[{"href":"https:\/\/cocukyazarlarkutuphanesi.com\/wps\/wp-json\/wp\/v2\/pages"}],"about":[{"href":"https:\/\/cocukyazarlarkutuphanesi.com\/wps\/wp-json\/wp\/v2\/types\/page"}],"author":[{"embeddable":true,"href":"https:\/\/cocukyazarlarkutuphanesi.com\/wps\/wp-json\/wp\/v2\/users\/779"}],"replies":[{"embeddable":true,"href":"https:\/\/cocukyazarlarkutuphanesi.com\/wps\/wp-json\/wp\/v2\/comments?post=1978"}],"version-history":[{"count":0,"href":"https:\/\/cocukyazarlarkutuphanesi.com\/wps\/wp-json\/wp\/v2\/pages\/1978\/revisions"}],"wp:attachment":[{"href":"https:\/\/cocukyazarlarkutuphanesi.com\/wps\/wp-json\/wp\/v2\/media?parent=1978"}],"curies":[{"name":"wp","href":"https:\/\/api.w.org\/{rel}","templated":true}]}}