{"id":5727,"date":"2019-03-12T12:40:49","date_gmt":"2019-03-12T12:40:49","guid":{"rendered":"https:\/\/cocukyazarlarkutuphanesi.com\/wps\/?page_id=5727"},"modified":"2020-10-26T16:25:27","modified_gmt":"2020-10-26T16:25:27","slug":"faaliyet-sureci","status":"publish","type":"page","link":"https:\/\/cocukyazarlarkutuphanesi.com\/wps\/faaliyet-sureci\/","title":{"rendered":"Faaliyet S\u00fcreci"},"content":{"rendered":"\r\n<p><span style=\"font-weight: 400;\">15\/10\/2018 \u2013 20\/02\/2019<\/span><\/p>\r\n<p><span style=\"font-weight: 400;\">\u201cAsr\u0131n Katipleri Yaz\u0131yor!\u201d Projenin faaliyet s\u00fcreci yakla\u015f\u0131k 127 g\u00fcnd\u00fcr. Faaliyet S\u00fcrecinin detayl\u0131 bilgileri a\u015fa\u011f\u0131da verilmi\u015ftir.<\/span><\/p>\r\n<ol>\r\n<li><span style=\"font-weight: 400;\">Planlanma S\u00fcreci 15\/10\/2018 \u2013 15\/11\/2019<\/span><\/li>\r\n<li><span style=\"font-weight: 400;\">Haz\u0131rl\u0131k S\u00fcreci 15\/11\/2018 \u2013 09\/01\/2019<\/span><\/li>\r\n<li><span style=\"font-weight: 400;\">Uygulama S\u00fcreci 09\/01\/2019 \u2013 15\/02\/2019<\/span><\/li>\r\n<li><span style=\"font-weight: 400;\">De\u011ferlendirme S\u00fcreci 15\/02\/2019 \u2013 20\/02\/2019<\/span><\/li>\r\n<\/ol>\r\n<p>\u00a0<\/p>\r\n<p><b>1.Planlanma S\u00fcreci<\/b><\/p>\r\n<p><span style=\"font-weight: 400;\">\u201cAsr\u0131n Katipleri Yaz\u0131yor!\u201d projesinin planlama s\u00fcreci projenin ortaya \u00e7\u0131k\u0131\u015f ve temellerinin at\u0131ld\u0131\u011f\u0131 s\u00fcre\u00e7 olarak da tan\u0131mlanabilir. Bu s\u00fcre\u00e7te ilk olarak okul m\u00fcd\u00fcr\u00fc liderli\u011finde T\u00fcrk\u00e7e Z\u00fcmresi ve Sosyal Bilgiler z\u00fcmresinden bir \u00f6\u011fretmenin kat\u0131ld\u0131\u011f\u0131 bir toplant\u0131 d\u00fczenlenmi\u015ftir. D\u00fczenlenen toplant\u0131da ortaokul \u00f6\u011frencilerinin edebi metin okuma ve yazma al\u0131\u015fkanl\u0131klar\u0131 masaya yat\u0131r\u0131lm\u0131\u015ft\u0131r. Yap\u0131lan isti\u015fareler sonucunda edebi metin okuma ve yazmaya y\u00f6nelik bir proje geli\u015ftirilmesine karar verilmi\u015ftir ve ikinci toplant\u0131ya kadar nas\u0131l bir proje tasarlanabilece\u011fi \u00fczerine d\u00fc\u015f\u00fcn\u00fclmesi planlanm\u0131\u015ft\u0131r. \u0130kinci toplant\u0131 kas\u0131m ay\u0131 ba\u015f\u0131nda d\u00fczenlenmi\u015ftir. Toplant\u0131da okul m\u00fcd\u00fcr\u00fcn\u00fcn teklifi ile edebi metin okuma ve yazmaya y\u00f6nelik ortaokul \u00f6\u011frencilerini kapsayacak e\u011flenceli bir genel a\u011f sitesi kurulmas\u0131 ve i\u00e7eri\u011finin olu\u015fturulmas\u0131na karar verilmi\u015ftir. Bunun \u00fczerine sitede yer alacak edebi metin t\u00fcrlerinin T\u00fcrk\u00e7e z\u00fcmresi taraf\u0131ndan belirlenmesine, genel a\u011f sitesinin tasar\u0131m\u0131n\u0131n ve projenin i\u00e7erik k\u0131sm\u0131n\u0131n da okul m\u00fcd\u00fcr\u00fc, bili\u015fim \u00f6\u011fretmeni ve sosyal bilgiler \u00f6\u011fretmeni taraf\u0131ndan haz\u0131rlanmas\u0131 planlanm\u0131\u015ft\u0131r. Ayr\u0131ca ortaokul \u00f6\u011frencilerinin projeye y\u00f6nelik durum tespit anketinin haz\u0131rlanmas\u0131na ve uygulanmas\u0131na karar verilmi\u015ftir. <\/span><i><span style=\"font-weight: 400;\">(Ekli dosyalarda anket sorular\u0131 ve sonu\u00e7lar\u0131 yer almaktad\u0131r).<\/span><\/i><\/p>\r\n<p><b>2.Haz\u0131rl\u0131k S\u00fcreci<\/b><\/p>\r\n<p><span style=\"font-weight: 400;\">\u201cAsr\u0131n Katipleri Yaz\u0131yor!\u201d projesinin haz\u0131rl\u0131k a\u015famas\u0131n\u0131n iki k\u0131s\u0131mdan olu\u015ftu\u011fu s\u00f6ylenebilir. Birinci k\u0131s\u0131m projenin i\u00e7eri\u011finin olu\u015fturulmas\u0131 ve \u00e7ocuk yazarlar k\u00fct\u00fcphanesi site tasar\u0131m\u0131 olarak tan\u0131mlanabilir. \u0130kinci k\u0131s\u0131m ise T\u00fcrk\u00e7e \u00f6\u011fretmenlerinin \u201cYazarl\u0131k ve Yazma Becerileri dersi ile \u201cT\u00fcrk\u00e7e\u201d derslerinde projeye kat\u0131lacak \u00f6\u011frencilerin se\u00e7ilmesi ve bu \u00f6\u011frencilerin bilgilendirilmesi olarak belirlenmi\u015ftir.<\/span><\/p>\r\n<p><span style=\"font-weight: 400;\">\u201cAsr\u0131n Katipleri Yaz\u0131yor!\u201d projesinde yer alan \u00e7ocuk yazarlar k\u00fct\u00fcphanesi sitesinin tasar\u0131m\u0131nda \u00f6ncelikli olarak ortaokul \u00f6\u011frencilerinin dikkatini \u00e7ekecek ve onlara e\u011flenceli gelecek bir tasar\u0131m yap\u0131lmas\u0131na \u00f6zen g\u00f6steril\u015fmi\u015ftir. Bu ba\u011flamda sitenin \u00f6n y\u00fcz\u00fcnde de\u011firmenli bir k\u00f6y havas\u0131 katacak bir tasar\u0131m olu\u015fturulmu\u015ftur. Burada her bir k\u00f6y evi bir edebi metin t\u00fcr\u00fc ile e\u015fle\u015ftirilerek farkl\u0131 farkl\u0131 isimlendirilmi\u015ftir. Bunlar: \u015eiir De\u011firmeni, Gezi \u2013 Deneme Evi, Resim \u2013 Tasar\u0131m At\u00f6lyesi, \u00d6\u011fretmenevi, Masal Saray\u0131, Mektup hane, \u00d6yk\u00fc Evi A\u015fa\u011f\u0131daki g\u00f6rselde de g\u00f6r\u00fclmektedir.<\/span><\/p>\r\n<p><span style=\"font-weight: 400;\">Ayr\u0131ca siteye bir de \u00f6\u011fretmen evi eklenmi\u015ftir. Buradaki ama\u00e7 ortaokul \u00f6\u011frencilerine \u00f6\u011fretmenlerinin de bu sitede edebi metin okuyup yazd\u0131\u011f\u0131n\u0131 g\u00f6stermek ve \u00f6rnek almalar\u0131n\u0131 sa\u011flamakt\u0131r. Bunun yan\u0131 s\u0131ra T\u00fcrk\u00e7e z\u00fcmresinde yer alan \u00f6\u011fretmenleri siteye admin olarak eklenmi\u015ftir. Bunun nedeni ise ortaokul \u00f6\u011frencileri taraf\u0131ndan g\u00f6nderilen yaz\u0131lar\u0131n T\u00fcrk\u00e7e \u00f6\u011fretmenleri taraf\u0131ndan de\u011ferlendirilip \u00f6\u011frencilere geri d\u00f6n\u00fc\u015f yapmas\u0131 ve yaz\u0131s\u0131n\u0131n y\u00fcklenmeye haz\u0131r olup olmad\u0131\u011f\u0131na kanaat getirilmesidir. B\u00f6ylece ortaokul \u00f6\u011frencilerinin siteye yaz\u0131lar\u0131 y\u00fcklendik\u00e7e kendilerine olan \u00f6zg\u00fcvenleri geli\u015ferek edebi metin okuma yazmaya devam etmeleri ama\u00e7lanmaktad\u0131r. T\u00fcm bunlar\u0131n yan\u0131 s\u0131ra sitede \u00f6\u011frencilerin yaz\u0131lar\u0131na yorum yapmalar\u0131 ve be\u011feni i\u015fareti koymalar\u0131 i\u00e7in sitede baz\u0131 alanlar da olu\u015fturulmu\u015ftur. Buradaki ama\u00e7 ise \u00f6\u011frencinin siteyi kullan\u0131m devaml\u0131\u011f\u0131n\u0131 artt\u0131rmak ve yaz\u0131lan edebi metinleri okumaya sevk etmektir. <\/span><\/p>\r\n<p><b>3.Uygulama S\u00fcreci<\/b><\/p>\r\n<p><span style=\"font-weight: 400;\">\u201cAsr\u0131n Katipleri Yaz\u0131yor!\u201d projesinin uygulama k\u0131sm\u0131nda ilk olarak \u00f6\u011frencilere projeye ili\u015fkin bir seminer verilmi\u015ftir. Bu seminerde ilk olarak projeye ili\u015fkin bilgilendirme yap\u0131lm\u0131\u015f ard\u0131ndan da \u00e7ocuk yazarlar k\u00fct\u00fcphanesi sitesinin kullan\u0131m\u0131na y\u00f6nelik tan\u0131t\u0131m yap\u0131lm\u0131\u015ft\u0131r. \u00c7ocuk yazarlar k\u00fct\u00fcphanesinin sitesinin kullan\u0131m\u0131 \u015fu \u015fekildedir:<\/span><\/p>\r\n<p><i><span style=\"font-weight: 400;\">Ortaokul \u00f6\u011frencileri \u00f6ncelikli olarak siteye bir kullan\u0131c\u0131 ad\u0131 ile kay\u0131t olmaktad\u0131rlar. Kay\u0131tlar\u0131 adminler taraf\u0131ndan de\u011ferlendirilip onaylanmaktad\u0131r. Yaz\u0131s\u0131n\u0131 y\u00fcklemek isteyen \u00f6\u011frenci kendi profilinden y\u00fcklemek istedi\u011fi kategoriyi se\u00e7erek yaz\u0131s\u0131n\u0131 y\u00fckleyip kaydet tu\u015funa basmaktad\u0131r. Kaydedilen metin adminler taraf\u0131ndan kategori ve i\u00e7erik de\u011ferlendirmesi yap\u0131larak incelenmektedir. Uygun bulunursa yay\u0131nla butonuyla yaz\u0131lar sitede yay\u0131nlanmaktad\u0131r. Ayr\u0131ca sitede ortaokul \u00f6\u011frencileri yaz\u0131lara ili\u015fkin yorum yapabilmekte, bu yorumlar i\u00e7erik olarak uygunsa adminler taraf\u0131ndan onaylanmaktad\u0131r. <\/span><\/i><\/p>\r\n<p><span style=\"font-weight: 400;\">Seminerin ard\u0131ndan ortaokul \u00f6\u011frencilerine T\u00fcrk\u00e7e ve Yazarl\u0131k ve Yazma Becerileri dersinde \u00e7ocuk yazarlar k\u00fct\u00fcphanesi sitesinin detayl\u0131 tan\u0131t\u0131m\u0131na devam edilmi\u015f ve ortaokul \u00f6\u011frencilerinin siteyi kullan\u0131mlar\u0131na y\u00f6nelik te\u015fviklerde bulunulmu\u015ftur. 14 \u015eubat D\u00fcnya \u00d6yk\u00fc g\u00fcn\u00fcnde ortaokul \u00f6\u011frencilerinin yazd\u0131klar\u0131 edebi metinleri topluca bili\u015fim s\u0131n\u0131f\u0131nda y\u00fcklemeleri sa\u011flanm\u0131\u015ft\u0131r. Uygulama s\u00fcrecinde siteye kay\u0131t olan ortaokul \u00f6\u011frencisine d\u00f6n\u00fctler verilmi\u015f ve projenin verimlili\u011fi artt\u0131r\u0131lmaya \u00e7al\u0131\u015f\u0131lm\u0131\u015ft\u0131r. <\/span><\/p>\r\n<p><b>4.De\u011ferlendirme S\u00fcreci<\/b><\/p>\r\n<p><span style=\"font-weight: 400;\">\u201cAsr\u0131n Katipleri Yaz\u0131yor!\u201d projesinin de\u011ferlendirme s\u00fcrecinde nicel ara\u015ft\u0131rma y\u00f6ntemlerinden yararlan\u0131lm\u0131\u015ft\u0131r. Bu ba\u011flamda \u00f6\u011frenci sonu\u00e7 de\u011ferlendirme anketi ve \u00f6\u011fretmen sonu\u00e7 de\u011ferlendirme anketi olmak \u00fczere iki t\u00fcr anket uygulanm\u0131\u015ft\u0131r. \u00d6\u011frenci de\u011ferlendirme anketine projede yer alan 120 \u00f6\u011frenciden 54\u2019\u00fc kat\u0131l\u0131rken \u00f6\u011fretmen proje de\u011ferlendirme anketine 46 \u00f6\u011fretmen kat\u0131lm\u0131\u015ft\u0131r. De\u011ferlendirme sonu\u00e7 anketlerinden \u00f6\u011frencilere uygulanan anket sonu\u00e7lar\u0131 Microsoft Office programlar\u0131ndan excel de analiz edilerek grafiklere yans\u0131t\u0131lm\u0131\u015ft\u0131r. \u00d6\u011fretmen de\u011ferlendirme anketi sonu\u00e7lar\u0131 ise Google form da analiz edilerek grafiklere yans\u0131t\u0131lm\u0131\u015ft\u0131r.<\/span><\/p>\r\n<div style='text-align:left' class='yasr-auto-insert-visitor'><\/div>","protected":false},"excerpt":{"rendered":"","protected":false},"author":779,"featured_media":0,"parent":0,"menu_order":0,"comment_status":"closed","ping_status":"closed","template":"","meta":{"om_disable_all_campaigns":false,"_monsterinsights_skip_tracking":false,"_monsterinsights_sitenote_active":false,"_monsterinsights_sitenote_note":"","_monsterinsights_sitenote_category":0,"yasr_overall_rating":0,"yasr_post_is_review":"","yasr_auto_insert_disabled":"","yasr_review_type":"","footnotes":""},"class_list":["post-5727","page","type-page","status-publish","hentry"],"yasr_visitor_votes":{"stars_attributes":{"read_only":true,"span_bottom":"<div class='yasr-small-block-bold'><span class='yasr-visitor-votes-must-sign-in'>You must sign in to vote<\/span><\/div>"},"number_of_votes":0,"sum_votes":0},"_links":{"self":[{"href":"https:\/\/cocukyazarlarkutuphanesi.com\/wps\/wp-json\/wp\/v2\/pages\/5727","targetHints":{"allow":["GET"]}}],"collection":[{"href":"https:\/\/cocukyazarlarkutuphanesi.com\/wps\/wp-json\/wp\/v2\/pages"}],"about":[{"href":"https:\/\/cocukyazarlarkutuphanesi.com\/wps\/wp-json\/wp\/v2\/types\/page"}],"author":[{"embeddable":true,"href":"https:\/\/cocukyazarlarkutuphanesi.com\/wps\/wp-json\/wp\/v2\/users\/779"}],"replies":[{"embeddable":true,"href":"https:\/\/cocukyazarlarkutuphanesi.com\/wps\/wp-json\/wp\/v2\/comments?post=5727"}],"version-history":[{"count":5,"href":"https:\/\/cocukyazarlarkutuphanesi.com\/wps\/wp-json\/wp\/v2\/pages\/5727\/revisions"}],"predecessor-version":[{"id":11396,"href":"https:\/\/cocukyazarlarkutuphanesi.com\/wps\/wp-json\/wp\/v2\/pages\/5727\/revisions\/11396"}],"wp:attachment":[{"href":"https:\/\/cocukyazarlarkutuphanesi.com\/wps\/wp-json\/wp\/v2\/media?parent=5727"}],"curies":[{"name":"wp","href":"https:\/\/api.w.org\/{rel}","templated":true}]}}