{"id":5729,"date":"2019-03-12T12:44:18","date_gmt":"2019-03-12T12:44:18","guid":{"rendered":"https:\/\/cocukyazarlarkutuphanesi.com\/wps\/?page_id=5729"},"modified":"2019-03-12T12:57:58","modified_gmt":"2019-03-12T12:57:58","slug":"yontem-ve-sonuc-durumu","status":"publish","type":"page","link":"https:\/\/cocukyazarlarkutuphanesi.com\/wps\/yontem-ve-sonuc-durumu\/","title":{"rendered":"Y\u00f6ntem ve Sonu\u00e7 Durumu"},"content":{"rendered":"\n<p><span style=\"font-weight: 400;\">\u201cAsr\u0131n Katipleri Yaz\u0131yor!\u201d projesinin her a\u015famas\u0131nda farkl\u0131 y\u00f6ntem ve teknikler kullan\u0131lm\u0131\u015ft\u0131r. Planlama s\u00fcrecinde projenin ortaya \u00e7\u0131k\u0131\u015f s\u00fcrecinde beyin f\u0131rt\u0131nas\u0131, k\u00fc\u00e7\u00fck grup tart\u0131\u015fmas\u0131 gibi y\u00f6ntem ve teknikler kullan\u0131lm\u0131\u015ft\u0131r. Haz\u0131rl\u0131k s\u00fcrecinde projenin tan\u0131t\u0131m\u0131nda seminer tekni\u011fi, \u00e7ocuk yazarlar k\u00fct\u00fcphanesi sitesinin kullan\u0131m \u015fekli aktar\u0131l\u0131rken g\u00f6sterip yapt\u0131rma y\u00f6ntemi, de\u011ferlendirme s\u00fcrecinde ise nicel ara\u015ft\u0131rma y\u00f6ntemlerinden anket kullan\u0131lm\u0131\u015ft\u0131r. Asr\u0131n Katipleri projesine kat\u0131lan \u00f6\u011frenci say\u0131s\u0131 yakla\u015f\u0131k olarak 120\u2019dir ancak verilerin rahatl\u0131kla analiz edilebilmesi i\u00e7in sadece 54 ortaokul \u00f6\u011frencisine proje sonucu de\u011ferlendirme anketi uygulanm\u0131\u015ft\u0131r. Bunun yan\u0131 s\u0131ra 46 okul \u00f6\u011fretmenine Google Form\u2019dan proje de\u011ferlendirme anketi uygulanm\u0131\u015ft\u0131r.<\/span><\/p>\n<p><b>PROJEN\u0130N SONU\u00c7 DURUMU<\/b><\/p>\n<p><b>Hedef Gruplar\/Yararlan\u0131c\u0131lar \u00dczerinde G\u00f6zlemlenen Etkiler<\/b><\/p>\n<p><span style=\"font-weight: 400;\">\u201cAsr\u0131n Katipleri Yaz\u0131yor!\u201d projesinin de\u011ferlendirme s\u00fcrecinde elde edilen veriler hedeflenen gruplar \u00fczerindeki etkileri ve projenin ba\u015far\u0131l\u0131 bir \u015fekilde uygulan\u0131p uygulanmad\u0131\u011f\u0131n\u0131 yans\u0131tmaktad\u0131r. Bu kapsamda de\u011ferlendirme s\u00fcrecinde bahsedildi\u011fi \u00fczere proje sonunda \u00f6\u011frenci sonu\u00e7 de\u011ferlendirme anketi ve \u00f6\u011fretmen sonu\u00e7 de\u011ferlendirme anketi olmak \u00fczere iki t\u00fcr anket uygulanm\u0131\u015ft\u0131r. \u0130lk olarak \u00f6\u011frenci sonu\u00e7 de\u011ferlendirme anketini inceleyecek olursak \u015fu sonu\u00e7lara ula\u015fabiliriz.<\/span><\/p>\n<p>\u00a0<\/p>\n<table style=\"height: 1068px; border-style: groove;\" border=\"1\">\n<tbody>\n<tr style=\"height: 92px;\">\n<td style=\"height: 92px; width: 562px;\" colspan=\"5\">\n<p><b>\u201cAsr\u0131n Katipleri Yaz\u0131yor!\u201d Projesi \u00d6\u011frenci Proje Sonucu De\u011ferlendirme Anketi<\/b><\/p>\n<\/td>\n<\/tr>\n<tr style=\"height: 92px;\">\n<td style=\"height: 92px; width: 395px;\" colspan=\"2\">\n<p><b>Sorular<\/b><\/p>\n<\/td>\n<td style=\"height: 92px; width: 46px;\">\n<p><b>Evet %<\/b><\/p>\n<\/td>\n<td style=\"height: 92px; width: 50px;\">\n<p><b>Hay\u0131r %<\/b><\/p>\n<\/td>\n<td style=\"height: 92px; width: 65px;\">\n<p><b>K\u0131smen %<\/b><\/p>\n<\/td>\n<\/tr>\n<tr style=\"height: 92px;\">\n<td style=\"height: 92px; width: 13px;\">\n<p><b>1<\/b><\/p>\n<\/td>\n<td style=\"height: 92px; width: 380px;\">\n<p><span style=\"font-weight: 400;\">\u00c7ocuk Yazarlar K\u00fct\u00fcphanesi sitesi dikkatinizi \u00e7ekti mi?<\/span><\/p>\n<\/td>\n<td style=\"height: 92px; width: 46px;\">\n<p><span style=\"font-weight: 400;\">100%<\/span><\/p>\n<\/td>\n<td style=\"height: 92px; width: 50px;\">\n<p><span style=\"font-weight: 400;\">0%<\/span><\/p>\n<\/td>\n<td style=\"height: 92px; width: 65px;\">\n<p><span style=\"font-weight: 400;\">0%<\/span><\/p>\n<\/td>\n<\/tr>\n<tr style=\"height: 92px;\">\n<td style=\"height: 92px; width: 13px;\">\n<p><b>2<\/b><\/p>\n<\/td>\n<td style=\"height: 92px; width: 380px;\">\n<p><span style=\"font-weight: 400;\">\u00c7ocuk yazarlar k\u00fct\u00fcphanesi sitesindeki edebi metinleri okudunuz mu?<\/span><\/p>\n<\/td>\n<td style=\"height: 92px; width: 46px;\">\n<p><span style=\"font-weight: 400;\">67%<\/span><\/p>\n<\/td>\n<td style=\"height: 92px; width: 50px;\">\n<p><span style=\"font-weight: 400;\">2%<\/span><\/p>\n<\/td>\n<td style=\"height: 92px; width: 65px;\">\n<p><span style=\"font-weight: 400;\">31%<\/span><\/p>\n<\/td>\n<\/tr>\n<tr style=\"height: 92px;\">\n<td style=\"height: 92px; width: 13px;\">\n<p><b>3<\/b><\/p>\n<\/td>\n<td style=\"height: 92px; width: 380px;\">\n<p><span style=\"font-weight: 400;\">\u00c7ocuk yazarlar k\u00fct\u00fcphanesi sitesine edebi metin yazd\u0131n\u0131z m\u0131?<\/span><\/p>\n<\/td>\n<td style=\"height: 92px; width: 46px;\">\n<p><span style=\"font-weight: 400;\">59%<\/span><\/p>\n<\/td>\n<td style=\"height: 92px; width: 50px;\">\n<p><span style=\"font-weight: 400;\">33%<\/span><\/p>\n<\/td>\n<td style=\"height: 92px; width: 65px;\">\n<p><span style=\"font-weight: 400;\">7%<\/span><\/p>\n<\/td>\n<\/tr>\n<tr style=\"height: 92px;\">\n<td style=\"height: 92px; width: 13px;\">\n<p><b>4<\/b><\/p>\n<\/td>\n<td style=\"height: 92px; width: 380px;\">\n<p><span style=\"font-weight: 400;\">\u00c7ocuk yazarlar sitesinin kurulmu\u015f olmas\u0131 sizi mutlu etti mi?<\/span><\/p>\n<\/td>\n<td style=\"height: 92px; width: 46px;\">\n<p><span style=\"font-weight: 400;\">96%<\/span><\/p>\n<\/td>\n<td style=\"height: 92px; width: 50px;\">\n<p><span style=\"font-weight: 400;\">0%<\/span><\/p>\n<\/td>\n<td style=\"height: 92px; width: 65px;\">\n<p><span style=\"font-weight: 400;\">4%<\/span><\/p>\n<\/td>\n<\/tr>\n<tr style=\"height: 120px;\">\n<td style=\"height: 120px; width: 13px;\">\n<p><b>5<\/b><\/p>\n<\/td>\n<td style=\"height: 120px; width: 380px;\">\n<p><span style=\"font-weight: 400;\">\u00c7ocuk yazarlar k\u00fct\u00fcphanesinde yazd\u0131\u011f\u0131n\u0131z edebi metinlerin yay\u0131nlanmas\u0131 kendinize olan g\u00fcveninizi artt\u0131rd\u0131 m\u0131?<\/span><\/p>\n<\/td>\n<td style=\"height: 120px; width: 46px;\">\n<p><span style=\"font-weight: 400;\">76%<\/span><\/p>\n<\/td>\n<td style=\"height: 120px; width: 50px;\">\n<p><span style=\"font-weight: 400;\">11%<\/span><\/p>\n<\/td>\n<td style=\"height: 120px; width: 65px;\">\n<p><span style=\"font-weight: 400;\">13%<\/span><\/p>\n<\/td>\n<\/tr>\n<tr style=\"height: 92px;\">\n<td style=\"height: 92px; width: 13px;\">\n<p><b>6<\/b><\/p>\n<\/td>\n<td style=\"height: 92px; width: 380px;\">\n<p><span style=\"font-weight: 400;\">\u00c7ocuk yazarlar k\u00fct\u00fcphanesinde yay\u0131nlanan edebi metinlere yorum yapt\u0131n\u0131z m\u0131?<\/span><\/p>\n<\/td>\n<td style=\"height: 92px; width: 46px;\">\n<p><span style=\"font-weight: 400;\">41%<\/span><\/p>\n<\/td>\n<td style=\"height: 92px; width: 50px;\">\n<p><span style=\"font-weight: 400;\">30%<\/span><\/p>\n<\/td>\n<td style=\"height: 92px; width: 65px;\">\n<p><span style=\"font-weight: 400;\">30%<\/span><\/p>\n<\/td>\n<\/tr>\n<tr style=\"height: 92px;\">\n<td style=\"height: 92px; width: 13px;\">\n<p><b>7<\/b><\/p>\n<\/td>\n<td style=\"height: 92px; width: 380px;\">\n<p><span style=\"font-weight: 400;\">\u00c7ocuk yazarlar k\u00fct\u00fcphanesi sitesini devaml\u0131 kullanmak ister misiniz?<\/span><\/p>\n<\/td>\n<td style=\"height: 92px; width: 46px;\">\n<p><span style=\"font-weight: 400;\">89%<\/span><\/p>\n<\/td>\n<td style=\"height: 92px; width: 50px;\">\n<p><span style=\"font-weight: 400;\">0%<\/span><\/p>\n<\/td>\n<td style=\"height: 92px; width: 65px;\">\n<p><span style=\"font-weight: 400;\">11%<\/span><\/p>\n<\/td>\n<\/tr>\n<tr style=\"height: 92px;\">\n<td style=\"height: 92px; width: 13px;\">\n<p><b>8<\/b><\/p>\n<\/td>\n<td style=\"height: 92px; width: 380px;\">\n<p><span style=\"font-weight: 400;\">\u00c7ocuk yazarlar k\u00fct\u00fcphanesi sitesinde yeni d\u00fczenlemeler yap\u0131labilir mi?<\/span><\/p>\n<\/td>\n<td style=\"height: 92px; width: 46px;\">\n<p><span style=\"font-weight: 400;\">44%<\/span><\/p>\n<\/td>\n<td style=\"height: 92px; width: 50px;\">\n<p><span style=\"font-weight: 400;\">7%<\/span><\/p>\n<\/td>\n<td style=\"height: 92px; width: 65px;\">\n<p><span style=\"font-weight: 400;\">30%<\/span><\/p>\n<\/td>\n<\/tr>\n<tr style=\"height: 120px;\">\n<td style=\"height: 120px; width: 13px;\">\n<p><b>9<\/b><\/p>\n<\/td>\n<td style=\"height: 120px; width: 380px;\">\n<p><span style=\"font-weight: 400;\">\u00c7ocuk yazarlar k\u00fct\u00fcphanesini okulunuz d\u0131\u015f\u0131ndan tan\u0131d\u0131\u011f\u0131n\u0131z veya tan\u0131mad\u0131\u011f\u0131n\u0131z ki\u015filerin kullanmas\u0131n\u0131 ister misiniz?<\/span><\/p>\n<\/td>\n<td style=\"height: 120px; width: 46px;\">\n<p><span style=\"font-weight: 400;\">76%<\/span><\/p>\n<\/td>\n<td style=\"height: 120px; width: 50px;\">\n<p><span style=\"font-weight: 400;\">13%<\/span><\/p>\n<\/td>\n<td style=\"height: 120px; width: 65px;\">\n<p><span style=\"font-weight: 400;\">11%<\/span><\/p>\n<\/td>\n<\/tr>\n<\/tbody>\n<\/table>\n<p>\u00a0<\/p>\n<ol>\n<li><span style=\"font-weight: 400;\">Uygulanan \u00f6\u011frenci proje de\u011ferlendirme anketi sonu\u00e7lar\u0131na g\u00f6re \u201c\u00c7ocuk Yazarlar K\u00fct\u00fcphanesi sitesi dikkatinizi \u00e7ekti mi?\u201d sorusuna ortaokul \u00f6\u011frencileri taraf\u0131ndan %100 evet cevab\u0131 verilmi\u015ftir. \u00a0Bu sonuca g\u00f6re \u00e7ocuk yazarlar k\u00fct\u00fcphanesi sitesinin ortaokul \u00f6\u011frencileri taraf\u0131ndan ilgi uyand\u0131r\u0131c\u0131 ve dikkat \u00e7ekici bulundu\u011fu dile getirilebilir.<\/span><\/li>\n<li>Uygulanan \u00f6\u011frenci proje de\u011ferlendirme anketi sonu\u00e7lar\u0131na g\u00f6re \u201c\u00c7ocuk yazarlar k\u00fct\u00fcphanesi sitesindeki edebi metinleri okudunuz mu?\u201d sorusuna %67 evet %31 k\u0131smen, \u201c\u00c7ocuk yazarlar k\u00fct\u00fcphanesi sitesine edebi metin yazd\u0131n\u0131z m\u0131?\u201d sorusuna %59 evet %7 k\u0131smen cevaplar\u0131 verilmi\u015ftir. Ayr\u0131ca, \u201c\u00c7ocuk yazarlar k\u00fct\u00fcphanesinde yazd\u0131\u011f\u0131n\u0131z edebi metinlerin yay\u0131nlanmas\u0131 kendinize olan g\u00fcveninizi artt\u0131rd\u0131 m\u0131?\u201d sorusuna %76 evet %13 k\u0131smen, \u201c\u00c7ocuk yazarlar k\u00fct\u00fcphanesi sitesini devaml\u0131 kullanmak ister misiniz?\u201d sorusuna %89 evet %11 k\u0131smen, \u201c\u00c7ocuk yazarlar sitesinin kurulmu\u015f olmas\u0131 sizi mutlu etti mi?\u201d sorusuna %96 oran\u0131nda evet cevaplar\u0131 verilmi\u015ftir. \u00a0T\u00fcm bu veriler projenin uygulanmas\u0131n\u0131n ortaokul \u00f6\u011frencilerine katk\u0131 sa\u011flad\u0131\u011f\u0131n\u0131 g\u00f6sterir niteliktedir. Ayr\u0131ca bu verilerin projenin temel ama\u00e7lar\u0131na da hizmet etti\u011fi s\u00f6ylenebilir.<\/li>\n<li>Uygulanan \u00f6\u011frenci proje de\u011ferlendirme anketi sonu\u00e7lar\u0131na g\u00f6re \u201c\u00c7ocuk yazarlar k\u00fct\u00fcphanesinde yay\u0131nlanan edebi metinlere yorum yapt\u0131n\u0131z m\u0131?\u201d sorusuna %41 evet %30 k\u0131smen, \u201c\u00c7ocuk yazarlar k\u00fct\u00fcphanesi sitesinde yeni d\u00fczenlemeler yap\u0131labilir mi?\u201d sorusuna %44 evet %30 k\u0131smen, \u00a0\u201c\u00c7ocuk yazarlar k\u00fct\u00fcphanesini okulunuz d\u0131\u015f\u0131ndan tan\u0131d\u0131\u011f\u0131n\u0131z veya tan\u0131mad\u0131\u011f\u0131n\u0131z ki\u015filerin kullanmas\u0131n\u0131 ister misiniz?\u201d sorusuna ise %76 evet %11 k\u0131smen cevaplar\u0131 verilmi\u015ftir. Bu veriler ve Ekte yer alan site istatistikleri baz al\u0131nd\u0131\u011f\u0131nda \u00e7ocuk yazarlar k\u00fct\u00fcphanesinin aktif bir \u015fekilde kullan\u0131ld\u0131\u011f\u0131 ve ba\u015fka kullan\u0131c\u0131lar taraf\u0131ndan da kullan\u0131lmas\u0131n\u0131n istenildi\u011fi s\u00f6ylenebilir. Ayr\u0131ca, bu veriler projenin s\u00fcreklili\u011fini ve geli\u015ftirilebilir oldu\u011funu da kan\u0131tlar niteliktedir.<\/li>\n<\/ol>\n<p>\u00a0<\/p>\n<p><span style=\"font-weight: 400;\">Asr\u0131n Katipleri Yaz\u0131yor! Projesi kapsam\u0131nda g\u00f6zlemci \u00f6\u011fretmenlere uygulanan proje de\u011ferlendirme anketi sonu\u00e7lar\u0131n\u0131 inceledi\u011fimizde \u015fu sonu\u00e7lara ula\u015fabiliriz. <\/span><\/p>\n<p><br \/><br \/><\/p>\n<table style=\"border-style: groove;\" border=\"1\">\n<tbody>\n<tr>\n<td colspan=\"5\">\n<p><b>\u201cAsr\u0131n Katipleri Yaz\u0131yor!\u201d Projesi \u00d6\u011fretmen Proje Sonucu De\u011ferlendirme Anketi<\/b><\/p>\n<\/td>\n<\/tr>\n<tr>\n<td colspan=\"2\">\n<p><b>Sorular<\/b><\/p>\n<\/td>\n<td>\n<p><b>Evet %<\/b><\/p>\n<\/td>\n<td>\n<p><b>Hay\u0131r %<\/b><\/p>\n<\/td>\n<td>\n<p><b>K\u0131smen %<\/b><\/p>\n<\/td>\n<\/tr>\n<tr>\n<td>\n<p><span style=\"font-weight: 400;\">1<\/span><\/p>\n<\/td>\n<td>\n<p><span style=\"font-weight: 400;\">Asr\u0131n Katipleri Yaz\u0131yor! Projesini ortaokul \u00f6\u011frencilerine y\u00f6nelik edebi metin okumaya te\u015fvik edici buluyor musunuz?<\/span><\/p>\n<\/td>\n<td>\n<p><span style=\"font-weight: 400;\">93%<\/span><\/p>\n<\/td>\n<td>\n<p><span style=\"font-weight: 400;\">0%<\/span><\/p>\n<\/td>\n<td>\n<p><span style=\"font-weight: 400;\">7%<\/span><\/p>\n<\/td>\n<\/tr>\n<tr>\n<td>\n<p><span style=\"font-weight: 400;\">2<\/span><\/p>\n<\/td>\n<td>\n<p><span style=\"font-weight: 400;\">Asr\u0131n Katipleri Yaz\u0131yor! Projesini ortaokul \u00f6\u011frencilerine y\u00f6nelik edebi metin yazmaya te\u015fvik edici buluyor musunuz?<\/span><\/p>\n<\/td>\n<td>\n<p><span style=\"font-weight: 400;\">93%<\/span><\/p>\n<\/td>\n<td>\n<p><span style=\"font-weight: 400;\">0%<\/span><\/p>\n<\/td>\n<td>\n<p><span style=\"font-weight: 400;\">7%<\/span><\/p>\n<\/td>\n<\/tr>\n<tr>\n<td>\n<p><span style=\"font-weight: 400;\">3<\/span><\/p>\n<\/td>\n<td>\n<p><span style=\"font-weight: 400;\">Asr\u0131n Katipleri Yaz\u0131yor! Projesini i\u00e7erik a\u00e7\u0131s\u0131ndan de\u011ferlendirdi\u011finiz de ortaokul \u00f6\u011frencilerine katk\u0131 sa\u011flad\u0131\u011f\u0131n\u0131 d\u00fc\u015f\u00fcn\u00fcyor musunuz?<\/span><\/p>\n<\/td>\n<td>\n<p><span style=\"font-weight: 400;\">89%<\/span><\/p>\n<\/td>\n<td>\n<p><span style=\"font-weight: 400;\">0%<\/span><\/p>\n<\/td>\n<td>\n<p><span style=\"font-weight: 400;\">11%<\/span><\/p>\n<\/td>\n<\/tr>\n<tr>\n<td>\n<p><span style=\"font-weight: 400;\">4<\/span><\/p>\n<\/td>\n<td>\n<p><span style=\"font-weight: 400;\">Asr\u0131n Katipleri Yaz\u0131yor! Projesinin verimli olarak uyguland\u0131\u011f\u0131n\u0131 d\u00fc\u015f\u00fcn\u00fcyor musunuz?<\/span><\/p>\n<\/td>\n<td>\n<p><span style=\"font-weight: 400;\">80%<\/span><\/p>\n<\/td>\n<td>\n<p><span style=\"font-weight: 400;\">0%<\/span><\/p>\n<\/td>\n<td>\n<p><span style=\"font-weight: 400;\">20%<\/span><\/p>\n<\/td>\n<\/tr>\n<tr>\n<td>\n<p><span style=\"font-weight: 400;\">5<\/span><\/p>\n<\/td>\n<td>\n<p><span style=\"font-weight: 400;\">\u00c7ocuk Yazarlar K\u00fct\u00fcphanesi sitesini tasar\u0131m a\u00e7\u0131s\u0131ndan estetik buluyor musunuz?<\/span><\/p>\n<\/td>\n<td>\n<p><span style=\"font-weight: 400;\">89%<\/span><\/p>\n<\/td>\n<td>\n<p><span style=\"font-weight: 400;\">0%<\/span><\/p>\n<\/td>\n<td>\n<p><span style=\"font-weight: 400;\">11%<\/span><\/p>\n<\/td>\n<\/tr>\n<tr>\n<td>\n<p><span style=\"font-weight: 400;\">6<\/span><\/p>\n<\/td>\n<td>\n<p><span style=\"font-weight: 400;\">\u00c7ocuk Yazarlar K\u00fct\u00fcphanesi sitesini ortaokul \u00f6\u011frencilerine y\u00f6nelik dikkat \u00e7ekici oldu\u011funu d\u00fc\u015f\u00fcn\u00fcyor musunuz?<\/span><\/p>\n<\/td>\n<td>\n<p><span style=\"font-weight: 400;\">89%<\/span><\/p>\n<\/td>\n<td>\n<p><span style=\"font-weight: 400;\">0%<\/span><\/p>\n<\/td>\n<td>\n<p><span style=\"font-weight: 400;\">11%<\/span><\/p>\n<\/td>\n<\/tr>\n<tr>\n<td>\n<p><span style=\"font-weight: 400;\">7<\/span><\/p>\n<\/td>\n<td>\n<p><span style=\"font-weight: 400;\">\u00c7ocuk yazarlar k\u00fct\u00fcphanesi sitesini sizde aktif bir \u015fekilde kullan\u0131yor musunuz?<\/span><\/p>\n<\/td>\n<td>\n<p><span style=\"font-weight: 400;\">50%<\/span><\/p>\n<\/td>\n<td>\n<p><span style=\"font-weight: 400;\">24%<\/span><\/p>\n<\/td>\n<td>\n<p><span style=\"font-weight: 400;\">26%<\/span><\/p>\n<\/td>\n<\/tr>\n<tr>\n<td>\n<p><span style=\"font-weight: 400;\">8<\/span><\/p>\n<\/td>\n<td>\n<p><span style=\"font-weight: 400;\">Asr\u0131n Katipleri Yaz\u0131yor! Projesi ile sizce gelece\u011fin yazarlar\u0131 ke\u015ffedilebilir mi?<\/span><\/p>\n<\/td>\n<td>\n<p><span style=\"font-weight: 400;\">78%<\/span><\/p>\n<\/td>\n<td>\n<p><span style=\"font-weight: 400;\">0%<\/span><\/p>\n<\/td>\n<td>\n<p><span style=\"font-weight: 400;\">22%<\/span><\/p>\n<\/td>\n<\/tr>\n<tr>\n<td>\n<p><span style=\"font-weight: 400;\">9<\/span><\/p>\n<\/td>\n<td>\n<p><span style=\"font-weight: 400;\">Asr\u0131n Katipleri Yaz\u0131yor! Projesi s\u00fcrd\u00fcr\u00fclebilir bir proje midir?<\/span><\/p>\n<\/td>\n<td>\n<p><span style=\"font-weight: 400;\">87%<\/span><\/p>\n<\/td>\n<td>\n<p><span style=\"font-weight: 400;\">0%<\/span><\/p>\n<\/td>\n<td>\n<p><span style=\"font-weight: 400;\">13%<\/span><\/p>\n<\/td>\n<\/tr>\n<tr>\n<td>\n<p><span style=\"font-weight: 400;\">10<\/span><\/p>\n<\/td>\n<td>\n<p><span style=\"font-weight: 400;\">Asr\u0131n Katipleri Yaz\u0131yor! Projesi geli\u015ftirilebilir mi?<\/span><\/p>\n<\/td>\n<td>\n<p><span style=\"font-weight: 400;\">74%<\/span><\/p>\n<\/td>\n<td>\n<p><span style=\"font-weight: 400;\">0%<\/span><\/p>\n<\/td>\n<td>\n<p><span style=\"font-weight: 400;\">26%<\/span><\/p>\n<\/td>\n<\/tr>\n<\/tbody>\n<\/table>\n<p><span style=\"font-weight: 400;\">Uygulanan g\u00f6zlemci \u00f6\u011fretmen de\u011ferlendirme anketi sonu\u00e7lar\u0131na g\u00f6re; \u201cAsr\u0131n Katipleri Yaz\u0131yor! Projesini ortaokul \u00f6\u011frencilerine y\u00f6nelik edebi metin okumaya te\u015fvik edici buluyor musunuz?\u201d sorusuna %93 evet, \u201cAsr\u0131n Katipleri Yaz\u0131yor! Projesini ortaokul \u00f6\u011frencilerine y\u00f6nelik edebi metin yazmaya te\u015fvik edici buluyor musunuz?\u201d sorusuna %93 evet, \u201cAsr\u0131n Katipleri Yaz\u0131yor! Projesini i\u00e7erik a\u00e7\u0131s\u0131ndan de\u011ferlendirdi\u011finizde ortaokul \u00f6\u011frencilerine katk\u0131 sa\u011flad\u0131\u011f\u0131n\u0131 d\u00fc\u015f\u00fcn\u00fcyor musunuz?\u201d sorusuna %89 evet, \u201cAsr\u0131n Katipleri Yaz\u0131yor! Projesi ile sizce gelece\u011fin yazarlar\u0131 ke\u015ffedilebilir mi?\u201d sorusuna %78 evet cevaplar\u0131 verilmi\u015ftir. Bu veriler do\u011frultusunda Asr\u0131n Katipleri Yaz\u0131yor Projesinin temel ama\u00e7lar\u0131n\u0131n ger\u00e7ekle\u015ftirildi\u011fine ve hedeflenen noktaya ula\u015f\u0131labilece\u011fine kanaat getirilebilir.<\/span><\/p>\n<p><span style=\"font-weight: 400;\">Uygulanan g\u00f6zlemci \u00f6\u011fretmen de\u011ferlendirme anketi sonu\u00e7lar\u0131na g\u00f6re; \u201cAsr\u0131n Katipleri Yaz\u0131yor! Projesinin verimli olarak uyguland\u0131\u011f\u0131n\u0131 d\u00fc\u015f\u00fcn\u00fcyor musunuz?\u201d sorusuna %80 evet, \u201c\u00c7ocuk Yazarlar K\u00fct\u00fcphanesi sitesini tasar\u0131m a\u00e7\u0131s\u0131ndan estetik buluyor musunuz?\u201d sorusuna %89 evet cevaplar\u0131 verilmi\u015ftir. Ayr\u0131ca, \u201d\u00c7ocuk Yazarlar K\u00fct\u00fcphanesi sitesinin ortaokul \u00f6\u011frencilerine y\u00f6nelik dikkat \u00e7ekici oldu\u011funu d\u00fc\u015f\u00fcn\u00fcyor musunuz?\u201d sorusuna %89 evet, \u201c\u00c7ocuk yazarlar k\u00fct\u00fcphanesi sitesini siz de aktif bir \u015fekilde kullan\u0131yor musunuz?\u201d sorusuna %50 evet cevaplar\u0131 verilmi\u015ftir. Bu veriler \u0131\u015f\u0131\u011f\u0131nda Asr\u0131n Katipleri Yaz\u0131yor Projesinin ba\u015far\u0131l\u0131 bir \u015fekilde tasarland\u0131\u011f\u0131 ve uyguland\u0131\u011f\u0131 s\u00f6ylenebilir. <\/span><\/p>\n<p><span style=\"font-weight: 400;\">Son olarak uygulanan g\u00f6zlemci \u00f6\u011fretmen de\u011ferlendirme anketi sonu\u00e7lar\u0131na g\u00f6re; \u201cAsr\u0131n Katipleri Yaz\u0131yor! Projesi s\u00fcrd\u00fcr\u00fclebilir bir proje midir?\u201d sorusuna %87 evet, \u201cAsr\u0131n Katipleri Yaz\u0131yor! Projesi geli\u015ftirilebilir mi?\u201d sorusuna \u00a0%74 evet cevaplar\u0131 verilmi\u015ftir. Bu veriler do\u011frultusunda projenin s\u00fcrd\u00fcr\u00fclebilir ve geli\u015ftirilebilir bir proje oldu\u011fu da dile getirilebilir.<\/span><\/p>\n<div style='text-align:left' class='yasr-auto-insert-visitor'><\/div>","protected":false},"excerpt":{"rendered":"","protected":false},"author":779,"featured_media":0,"parent":0,"menu_order":0,"comment_status":"closed","ping_status":"closed","template":"","meta":{"om_disable_all_campaigns":false,"_monsterinsights_skip_tracking":false,"_monsterinsights_sitenote_active":false,"_monsterinsights_sitenote_note":"","_monsterinsights_sitenote_category":0,"yasr_overall_rating":0,"yasr_post_is_review":"","yasr_auto_insert_disabled":"","yasr_review_type":"","footnotes":""},"class_list":["post-5729","page","type-page","status-publish","hentry"],"yasr_visitor_votes":{"stars_attributes":{"read_only":true,"span_bottom":"<div class='yasr-small-block-bold'><span class='yasr-visitor-votes-must-sign-in'>You must sign in to vote<\/span><\/div>"},"number_of_votes":0,"sum_votes":0},"_links":{"self":[{"href":"https:\/\/cocukyazarlarkutuphanesi.com\/wps\/wp-json\/wp\/v2\/pages\/5729","targetHints":{"allow":["GET"]}}],"collection":[{"href":"https:\/\/cocukyazarlarkutuphanesi.com\/wps\/wp-json\/wp\/v2\/pages"}],"about":[{"href":"https:\/\/cocukyazarlarkutuphanesi.com\/wps\/wp-json\/wp\/v2\/types\/page"}],"author":[{"embeddable":true,"href":"https:\/\/cocukyazarlarkutuphanesi.com\/wps\/wp-json\/wp\/v2\/users\/779"}],"replies":[{"embeddable":true,"href":"https:\/\/cocukyazarlarkutuphanesi.com\/wps\/wp-json\/wp\/v2\/comments?post=5729"}],"version-history":[{"count":0,"href":"https:\/\/cocukyazarlarkutuphanesi.com\/wps\/wp-json\/wp\/v2\/pages\/5729\/revisions"}],"wp:attachment":[{"href":"https:\/\/cocukyazarlarkutuphanesi.com\/wps\/wp-json\/wp\/v2\/media?parent=5729"}],"curies":[{"name":"wp","href":"https:\/\/api.w.org\/{rel}","templated":true}]}}