{"id":5731,"date":"2019-03-12T12:45:49","date_gmt":"2019-03-12T12:45:49","guid":{"rendered":"https:\/\/cocukyazarlarkutuphanesi.com\/wps\/?page_id=5731"},"modified":"2019-03-12T12:53:16","modified_gmt":"2019-03-12T12:53:16","slug":"proje-urunleri-ve-surdurulebilirlik","status":"publish","type":"page","link":"https:\/\/cocukyazarlarkutuphanesi.com\/wps\/proje-urunleri-ve-surdurulebilirlik\/","title":{"rendered":"Proje \u00dcr\u00fcnleri ve S\u00fcrd\u00fcr\u00fclebilirlik"},"content":{"rendered":"\n<p><b>Projenin \u00dcr\u00fcnleri\/ Somut \u00c7\u0131kt\u0131lar<\/b><\/p>\n<p><span style=\"font-weight: 400;\">\u201cAsr\u0131n Katipleri Yaz\u0131yor!\u201d sonucunda a\u015fa\u011f\u0131daki \u00fcr\u00fcnler somut \u00e7\u0131kt\u0131 olarak yer alm\u0131\u015ft\u0131r.<\/span><\/p>\n<ul>\n<li style=\"font-weight: 400;\"><span style=\"font-weight: 400;\">Proje foto\u011fraflar\u0131, <\/span><\/li>\n<li style=\"font-weight: 400;\"><span style=\"font-weight: 400;\">\u00c7ocuk yazarlar k\u00fct\u00fcphanesi ad\u0131nda bir internet sitesi (<\/span><a href=\"http:\/\/www.cocukyazarlarkutuphanesi.com\"><span style=\"font-weight: 400;\">www.cocukyazarlarkutuphanesi.com<\/span><\/a><span style=\"font-weight: 400;\"> )<\/span><\/li>\n<li style=\"font-weight: 400;\"><span style=\"font-weight: 400;\">19 Gezi ve Deneme Yaz\u0131s\u0131 <\/span><\/li>\n<li style=\"font-weight: 400;\"><span style=\"font-weight: 400;\">6 Mektup<\/span><\/li>\n<li style=\"font-weight: 400;\"><span style=\"font-weight: 400;\">17 Masal ve Hikaye <\/span><\/li>\n<li style=\"font-weight: 400;\"><span style=\"font-weight: 400;\">10 \u00d6yk\u00fc<\/span><\/li>\n<li style=\"font-weight: 400;\"><span style=\"font-weight: 400;\">10 Resim <\/span><\/li>\n<li style=\"font-weight: 400;\"><span style=\"font-weight: 400;\">24 \u015eiir <\/span><\/li>\n<\/ul>\n<p><b>S\u00fcrd\u00fcr\u00fclebilirlik<\/b><\/p>\n<p><span style=\"font-weight: 400;\">\u201cAsr\u0131n Katipleri Yaz\u0131yor!\u201d projesi de\u011ferlendirme s\u00fcrecindeki veriler baz al\u0131nd\u0131\u011f\u0131nda projenin s\u00fcrd\u00fcr\u00fclebilir ve geli\u015ftirilebilir bir proje oldu\u011fu s\u00f6ylenebilir. Bu ba\u011flamda site il\u00e7e, il ve T\u00fcrkiye genelinde yayg\u0131nla\u015ft\u0131r\u0131labilir. Yazarl\u0131k ve Yazma becerileri dersi kapsam\u0131ndaki t\u00fcm somut \u00fcr\u00fcnler sitede yer alabilir ve kitap haline d\u00f6n\u00fc\u015ft\u00fcr\u00fclebilir. Ayr\u0131ca sitede engelli \u00e7ocuk yazarlar\u0131 ke\u015ffetmeye y\u00f6nelik bir b\u00f6l\u00fcm a\u00e7\u0131labilir ve engelli \u00e7ocuklar\u0131n sosyal ya\u015famda yer almas\u0131 sa\u011flanabilir. T\u00fcm bunlar\u0131n yan\u0131 s\u0131ra sitede \u00fcnl\u00fc yazarlar\u0131n yazma becerilerine ili\u015fkin t\u00fcyolar verdi\u011fi videolar y\u00fcklenebilir, yazarlar ile \u00e7ocuklar\u0131n yer ald\u0131\u011f\u0131 online bulu\u015fmalar ger\u00e7ekle\u015ftirilebilir. <\/span><\/p>\n<p><b>G\u00f6r\u00fcn\u00fcrl\u00fck Faaliyetleri<\/b><\/p>\n<p><span style=\"font-weight: 400;\">\u201cAsr\u0131n Katipleri Yaz\u0131yor!\u201d projesinde g\u00f6r\u00fcn\u00fcrl\u00fck faaliyetleri olarak \u015funlar ger\u00e7ekle\u015ftirilmi\u015ftir.<\/span><\/p>\n<ul>\n<li style=\"font-weight: 400;\"><span style=\"font-weight: 400;\">\u00c7ocuk yazarlar k\u00fct\u00fcphanesi ad\u0131nda internet sitesi kurulmu\u015ftur.<\/span><\/li>\n<li style=\"font-weight: 400;\"><span style=\"font-weight: 400;\">Proje tan\u0131t\u0131m semineri verilmi\u015ftir.<\/span><\/li>\n<li style=\"font-weight: 400;\"><span style=\"font-weight: 400;\">Edebi metin \u00fcr\u00fcnleri ortaya konmu\u015ftur.<\/span><\/li>\n<li style=\"font-weight: 400;\"><span style=\"font-weight: 400;\">14 \u015eubat \u00f6yk\u00fc g\u00fcn\u00fcnde siteye online toplu y\u00fcklemeler ger\u00e7ekle\u015ftirilmi\u015ftir.<\/span><\/li>\n<li style=\"font-weight: 400;\"><span style=\"font-weight: 400;\">Proje afi\u015fi tasarlanm\u0131\u015ft\u0131r.<\/span><\/li>\n<li style=\"font-weight: 400;\"><span style=\"font-weight: 400;\">Ortaokul \u00f6\u011frencilerine \u201cYazarl\u0131k ve Yazma Becerileri ile T\u00fcrk\u00e7e\u201d derslerinde edebi metin okuman\u0131n ve yazman\u0131n \u00f6neminden bahsedilmi\u015ftir. <\/span><\/li>\n<\/ul>\n<div style='text-align:left' class='yasr-auto-insert-visitor'><\/div>","protected":false},"excerpt":{"rendered":"","protected":false},"author":779,"featured_media":0,"parent":0,"menu_order":0,"comment_status":"closed","ping_status":"closed","template":"","meta":{"om_disable_all_campaigns":false,"_monsterinsights_skip_tracking":false,"_monsterinsights_sitenote_active":false,"_monsterinsights_sitenote_note":"","_monsterinsights_sitenote_category":0,"yasr_overall_rating":0,"yasr_post_is_review":"","yasr_auto_insert_disabled":"","yasr_review_type":"","footnotes":""},"class_list":["post-5731","page","type-page","status-publish","hentry"],"yasr_visitor_votes":{"stars_attributes":{"read_only":true,"span_bottom":"<div class='yasr-small-block-bold'><span class='yasr-visitor-votes-must-sign-in'>You must sign in to vote<\/span><\/div>"},"number_of_votes":0,"sum_votes":0},"_links":{"self":[{"href":"https:\/\/cocukyazarlarkutuphanesi.com\/wps\/wp-json\/wp\/v2\/pages\/5731","targetHints":{"allow":["GET"]}}],"collection":[{"href":"https:\/\/cocukyazarlarkutuphanesi.com\/wps\/wp-json\/wp\/v2\/pages"}],"about":[{"href":"https:\/\/cocukyazarlarkutuphanesi.com\/wps\/wp-json\/wp\/v2\/types\/page"}],"author":[{"embeddable":true,"href":"https:\/\/cocukyazarlarkutuphanesi.com\/wps\/wp-json\/wp\/v2\/users\/779"}],"replies":[{"embeddable":true,"href":"https:\/\/cocukyazarlarkutuphanesi.com\/wps\/wp-json\/wp\/v2\/comments?post=5731"}],"version-history":[{"count":0,"href":"https:\/\/cocukyazarlarkutuphanesi.com\/wps\/wp-json\/wp\/v2\/pages\/5731\/revisions"}],"wp:attachment":[{"href":"https:\/\/cocukyazarlarkutuphanesi.com\/wps\/wp-json\/wp\/v2\/media?parent=5731"}],"curies":[{"name":"wp","href":"https:\/\/api.w.org\/{rel}","templated":true}]}}